{"id":216,"date":"2025-07-02T13:04:11","date_gmt":"2025-07-02T13:04:11","guid":{"rendered":"https:\/\/msmindustria.com.br\/wordpress\/?page_id=216"},"modified":"2025-08-20T10:43:42","modified_gmt":"2025-08-20T10:43:42","slug":"processos-produtivos","status":"publish","type":"page","link":"https:\/\/msmindustria.com.br\/index.php\/processos-produtivos\/","title":{"rendered":"Processos Produtivos"},"content":{"rendered":"\t\t<div data-elementor-type=\"wp-page\" data-elementor-id=\"216\" class=\"elementor elementor-216\">\n\t\t\t\t<div class=\"elementor-element elementor-element-186ebcba e-flex e-con-boxed e-con e-parent\" data-id=\"186ebcba\" data-element_type=\"container\" data-settings=\"{&quot;background_background&quot;:&quot;slideshow&quot;,&quot;background_slideshow_gallery&quot;:[{&quot;id&quot;:218,&quot;url&quot;:&quot;https:\\\/\\\/msmindustria.com.br\\\/wp-content\\\/uploads\\\/2025\\\/07\\\/home.png&quot;}],&quot;background_slideshow_loop&quot;:&quot;yes&quot;,&quot;background_slideshow_slide_duration&quot;:5000,&quot;background_slideshow_slide_transition&quot;:&quot;fade&quot;,&quot;background_slideshow_transition_duration&quot;:500}\">\n\t\t\t\t\t<div class=\"e-con-inner\">\n\t\t<div class=\"elementor-element elementor-element-1b6d87f0 e-con-full e-flex e-con e-child\" data-id=\"1b6d87f0\" data-element_type=\"container\">\n\t\t\t\t<div class=\"elementor-element elementor-element-6e71ba7c elementor-widget elementor-widget-spacer\" data-id=\"6e71ba7c\" data-element_type=\"widget\" data-widget_type=\"spacer.default\">\n\t\t\t\t<div class=\"elementor-widget-container\">\n\t\t\t\t\t\t\t<div class=\"elementor-spacer\">\n\t\t\t<div class=\"elementor-spacer-inner\"><\/div>\n\t\t<\/div>\n\t\t\t\t\t\t<\/div>\n\t\t\t\t<\/div>\n\t\t\t\t<div class=\"elementor-element elementor-element-4710b7d6 elementor-widget elementor-widget-heading\" data-id=\"4710b7d6\" data-element_type=\"widget\" data-widget_type=\"heading.default\">\n\t\t\t\t<div class=\"elementor-widget-container\">\n\t\t\t\t\t<h2 class=\"elementor-heading-title elementor-size-default\">PROCESSOS PRODUTIVOS<\/h2>\t\t\t\t<\/div>\n\t\t\t\t<\/div>\n\t\t\t\t<div class=\"elementor-element elementor-element-698486ca elementor-widget elementor-widget-spacer\" data-id=\"698486ca\" data-element_type=\"widget\" data-widget_type=\"spacer.default\">\n\t\t\t\t<div class=\"elementor-widget-container\">\n\t\t\t\t\t\t\t<div class=\"elementor-spacer\">\n\t\t\t<div class=\"elementor-spacer-inner\"><\/div>\n\t\t<\/div>\n\t\t\t\t\t\t<\/div>\n\t\t\t\t<\/div>\n\t\t\t\t<\/div>\n\t\t\t\t\t<\/div>\n\t\t\t\t<\/div>\n\t\t<div class=\"elementor-element elementor-element-c5df101 e-flex e-con-boxed e-con e-parent\" data-id=\"c5df101\" data-element_type=\"container\">\n\t\t\t\t\t<div class=\"e-con-inner\">\n\t\t\t\t<div class=\"elementor-element elementor-element-647a6dd elementor-widget__width-initial elementor-widget elementor-widget-text-editor\" data-id=\"647a6dd\" data-element_type=\"widget\" data-widget_type=\"text-editor.default\">\n\t\t\t\t<div class=\"elementor-widget-container\">\n\t\t\t\t\t\t\t\t\t<p>A MSM possui \u00e1reas de <strong>Corte, Usinagem, Lamina\u00e7\u00e3o de Rosca, Forjaria, Tratamento T\u00e9rmico e Galvanoplastia.<\/strong><\/p><p>\u00a0<\/p><p>Monitoramos todos os processos e produtos nas diversas fases de fabrica\u00e7\u00e3o e os resultados destes controles s\u00e3o mantidos, permitindo a rastreabilidade (recupera\u00e7\u00e3o) dos mesmos.<\/p><p>\u00a0<\/p><p>Contamos com <strong>equipe t\u00e9cnica capacitada e experiente<\/strong> no nosso segmento, respons\u00e1vel por planejar a execu\u00e7\u00e3o dos processos para atendimento aos requisitos aplic\u00e1veis dos clientes, das normas e da pr\u00f3pria empresa.<\/p><p>\u00a0<\/p><p>Utilizamos, durante a fabrica\u00e7\u00e3o dos produtos, uma documenta\u00e7\u00e3o de f\u00e1cil compreens\u00e3o pelo pessoal da Produ\u00e7\u00e3o e <strong>Controle da Qualidade<\/strong>, devido a clareza dos documentos &#8211; Exemplos: <strong>Ordem de Fabrica\u00e7\u00e3o, Instru\u00e7\u00e3o de Trabalho, Procedimento e PIT (Plano de Inspe\u00e7\u00e3o e Testes)<\/strong>, bem como o treinamento constante aplicado aos colaboradores.<\/p>\t\t\t\t\t\t\t\t<\/div>\n\t\t\t\t<\/div>\n\t\t\t\t\t<\/div>\n\t\t\t\t<\/div>\n\t\t\t\t<\/div>\n\t\t","protected":false},"excerpt":{"rendered":"<p>PROCESSOS PRODUTIVOS A MSM possui \u00e1reas de Corte, Usinagem, Lamina\u00e7\u00e3o de Rosca, Forjaria, Tratamento T\u00e9rmico e Galvanoplastia. \u00a0 Monitoramos todos os processos e produtos nas diversas fases de fabrica\u00e7\u00e3o e os resultados destes controles s\u00e3o mantidos, permitindo a rastreabilidade (recupera\u00e7\u00e3o) dos mesmos. \u00a0 Contamos com equipe t\u00e9cnica capacitada e experiente no nosso segmento, respons\u00e1vel por [&hellip;]<\/p>\n","protected":false},"author":1,"featured_media":0,"parent":0,"menu_order":0,"comment_status":"closed","ping_status":"closed","template":"","meta":{"footnotes":""},"class_list":["post-216","page","type-page","status-publish","hentry"],"_links":{"self":[{"href":"https:\/\/msmindustria.com.br\/index.php\/wp-json\/wp\/v2\/pages\/216","targetHints":{"allow":["GET"]}}],"collection":[{"href":"https:\/\/msmindustria.com.br\/index.php\/wp-json\/wp\/v2\/pages"}],"about":[{"href":"https:\/\/msmindustria.com.br\/index.php\/wp-json\/wp\/v2\/types\/page"}],"author":[{"embeddable":true,"href":"https:\/\/msmindustria.com.br\/index.php\/wp-json\/wp\/v2\/users\/1"}],"replies":[{"embeddable":true,"href":"https:\/\/msmindustria.com.br\/index.php\/wp-json\/wp\/v2\/comments?post=216"}],"version-history":[{"count":16,"href":"https:\/\/msmindustria.com.br\/index.php\/wp-json\/wp\/v2\/pages\/216\/revisions"}],"predecessor-version":[{"id":997,"href":"https:\/\/msmindustria.com.br\/index.php\/wp-json\/wp\/v2\/pages\/216\/revisions\/997"}],"wp:attachment":[{"href":"https:\/\/msmindustria.com.br\/index.php\/wp-json\/wp\/v2\/media?parent=216"}],"curies":[{"name":"wp","href":"https:\/\/api.w.org\/{rel}","templated":true}]}}