{"id":603,"date":"2025-07-14T16:04:46","date_gmt":"2025-07-14T16:04:46","guid":{"rendered":"https:\/\/msmindustria.com.br\/wordpress\/?page_id=603"},"modified":"2025-08-20T12:37:28","modified_gmt":"2025-08-20T12:37:28","slug":"porca-e-contra-porca-sextavada-normal-leve-regular","status":"publish","type":"page","link":"https:\/\/msmindustria.com.br\/index.php\/porca-e-contra-porca-sextavada-normal-leve-regular\/","title":{"rendered":"Porca e Contra-Porca Sextavada: Normal \/ Leve \/ Regular"},"content":{"rendered":"\t\t<div data-elementor-type=\"wp-page\" data-elementor-id=\"603\" class=\"elementor elementor-603\">\n\t\t\t\t<div class=\"elementor-element elementor-element-32d268e8 e-flex e-con-boxed e-con e-parent\" data-id=\"32d268e8\" data-element_type=\"container\" data-settings=\"{&quot;background_background&quot;:&quot;slideshow&quot;,&quot;background_slideshow_gallery&quot;:[{&quot;id&quot;:553,&quot;url&quot;:&quot;https:\\\/\\\/msmindustria.com.br\\\/wp-content\\\/uploads\\\/2025\\\/07\\\/catal-scaled.webp&quot;}],&quot;background_slideshow_loop&quot;:&quot;yes&quot;,&quot;background_slideshow_slide_duration&quot;:5000,&quot;background_slideshow_slide_transition&quot;:&quot;fade&quot;,&quot;background_slideshow_transition_duration&quot;:500}\">\n\t\t\t\t\t<div class=\"e-con-inner\">\n\t\t<div class=\"elementor-element elementor-element-2a004419 e-con-full e-flex e-con e-child\" data-id=\"2a004419\" data-element_type=\"container\">\n\t\t\t\t<div class=\"elementor-element elementor-element-25b2153b elementor-widget elementor-widget-spacer\" data-id=\"25b2153b\" data-element_type=\"widget\" data-widget_type=\"spacer.default\">\n\t\t\t\t<div class=\"elementor-widget-container\">\n\t\t\t\t\t\t\t<div class=\"elementor-spacer\">\n\t\t\t<div class=\"elementor-spacer-inner\"><\/div>\n\t\t<\/div>\n\t\t\t\t\t\t<\/div>\n\t\t\t\t<\/div>\n\t\t\t\t<div class=\"elementor-element elementor-element-72d050b7 elementor-widget__width-initial elementor-widget elementor-widget-heading\" data-id=\"72d050b7\" data-element_type=\"widget\" data-widget_type=\"heading.default\">\n\t\t\t\t<div class=\"elementor-widget-container\">\n\t\t\t\t\t<h2 class=\"elementor-heading-title elementor-size-default\">Porca e Contra-Porca Sextavada: Normal \/ Leve \/ Regular<\/h2>\t\t\t\t<\/div>\n\t\t\t\t<\/div>\n\t\t\t\t<div class=\"elementor-element elementor-element-4beb4d44 elementor-widget elementor-widget-spacer\" data-id=\"4beb4d44\" data-element_type=\"widget\" data-widget_type=\"spacer.default\">\n\t\t\t\t<div class=\"elementor-widget-container\">\n\t\t\t\t\t\t\t<div class=\"elementor-spacer\">\n\t\t\t<div class=\"elementor-spacer-inner\"><\/div>\n\t\t<\/div>\n\t\t\t\t\t\t<\/div>\n\t\t\t\t<\/div>\n\t\t\t\t<\/div>\n\t\t\t\t\t<\/div>\n\t\t\t\t<\/div>\n\t\t<div class=\"elementor-element elementor-element-64033cd2 e-flex e-con-boxed e-con e-parent\" data-id=\"64033cd2\" data-element_type=\"container\">\n\t\t\t\t\t<div class=\"e-con-inner\">\n\t\t<div class=\"elementor-element elementor-element-5c97b92b e-con-full e-flex e-con e-child\" data-id=\"5c97b92b\" data-element_type=\"container\">\n\t\t\t\t<div class=\"elementor-element elementor-element-77f5a2cc elementor-widget elementor-widget-image\" data-id=\"77f5a2cc\" data-element_type=\"widget\" data-widget_type=\"image.default\">\n\t\t\t\t<div class=\"elementor-widget-container\">\n\t\t\t\t\t\t\t\t\t\t\t\t\t\t\t<img fetchpriority=\"high\" decoding=\"async\" width=\"383\" height=\"180\" src=\"https:\/\/msmindustria.com.br\/wp-content\/uploads\/2025\/07\/pecpsp.jpg\" class=\"attachment-large size-large wp-image-599\" alt=\"\" srcset=\"https:\/\/msmindustria.com.br\/wp-content\/uploads\/2025\/07\/pecpsp.jpg 383w, https:\/\/msmindustria.com.br\/wp-content\/uploads\/2025\/07\/pecpsp-300x141.jpg 300w\" sizes=\"(max-width: 383px) 100vw, 383px\" \/>\t\t\t\t\t\t\t\t\t\t\t\t\t\t\t<\/div>\n\t\t\t\t<\/div>\n\t\t\t\t<\/div>\n\t\t<div class=\"elementor-element elementor-element-1f207534 e-con-full e-flex e-con e-child\" data-id=\"1f207534\" data-element_type=\"container\">\n\t\t\t\t<div class=\"elementor-element elementor-element-746c51f9 elementor-widget__width-initial elementor-widget elementor-widget-heading\" data-id=\"746c51f9\" data-element_type=\"widget\" data-widget_type=\"heading.default\">\n\t\t\t\t<div class=\"elementor-widget-container\">\n\t\t\t\t\t<h2 class=\"elementor-heading-title elementor-size-default\">REFER\u00caNCIA\nASME \/ ANSI B18.2.2 - 1987\n(Tabela 3)<\/h2>\t\t\t\t<\/div>\n\t\t\t\t<\/div>\n\t\t<div class=\"elementor-element elementor-element-7d86b15 e-con-full e-flex e-con e-child\" data-id=\"7d86b15\" data-element_type=\"container\">\n\t\t\t\t<div class=\"elementor-element elementor-element-7f15b15 elementor-widget elementor-widget-button\" data-id=\"7f15b15\" data-element_type=\"widget\" data-widget_type=\"button.default\">\n\t\t\t\t<div class=\"elementor-widget-container\">\n\t\t\t\t\t\t\t\t\t<div class=\"elementor-button-wrapper\">\n\t\t\t\t\t<a class=\"elementor-button elementor-button-link elementor-size-sm\" href=\"https:\/\/msmindustria.com.br\/index.php\/porcas-2\/\">\n\t\t\t\t\t\t<span class=\"elementor-button-content-wrapper\">\n\t\t\t\t\t\t<span class=\"elementor-button-icon\">\n\t\t\t\t<i aria-hidden=\"true\" class=\"far fa-arrow-alt-circle-right\"><\/i>\t\t\t<\/span>\n\t\t\t\t\t\t\t\t\t<span class=\"elementor-button-text\">Veja outros modelos<\/span>\n\t\t\t\t\t<\/span>\n\t\t\t\t\t<\/a>\n\t\t\t\t<\/div>\n\t\t\t\t\t\t\t\t<\/div>\n\t\t\t\t<\/div>\n\t\t\t\t<div class=\"elementor-element elementor-element-43fb548 elementor-widget elementor-widget-button\" data-id=\"43fb548\" data-element_type=\"widget\" data-widget_type=\"button.default\">\n\t\t\t\t<div class=\"elementor-widget-container\">\n\t\t\t\t\t\t\t\t\t<div class=\"elementor-button-wrapper\">\n\t\t\t\t\t<a class=\"elementor-button elementor-button-link elementor-size-sm\" href=\"https:\/\/msmindustria.com.br\/index.php\/produtos\/\">\n\t\t\t\t\t\t<span class=\"elementor-button-content-wrapper\">\n\t\t\t\t\t\t<span class=\"elementor-button-icon\">\n\t\t\t\t<i aria-hidden=\"true\" class=\"fas fa-arrow-alt-circle-right\"><\/i>\t\t\t<\/span>\n\t\t\t\t\t\t\t\t\t<span class=\"elementor-button-text\">Veja outros Produtos<\/span>\n\t\t\t\t\t<\/span>\n\t\t\t\t\t<\/a>\n\t\t\t\t<\/div>\n\t\t\t\t\t\t\t\t<\/div>\n\t\t\t\t<\/div>\n\t\t\t\t<\/div>\n\t\t\t\t<\/div>\n\t\t\t\t\t<\/div>\n\t\t\t\t<\/div>\n\t\t<div class=\"elementor-element elementor-element-36c7e309 e-flex e-con-boxed e-con e-parent\" data-id=\"36c7e309\" data-element_type=\"container\">\n\t\t\t\t\t<div class=\"e-con-inner\">\n\t\t<div class=\"elementor-element elementor-element-312f670 e-con-full e-flex e-con e-child\" data-id=\"312f670\" data-element_type=\"container\">\n\t\t\t\t<div class=\"elementor-element elementor-element-5e15c9a7 elementor-widget elementor-widget-html\" data-id=\"5e15c9a7\" data-element_type=\"widget\" data-widget_type=\"html.default\">\n\t\t\t\t<div class=\"elementor-widget-container\">\n\t\t\t\t\t<style>\r\n  .table-container {\r\n    overflow-x: auto;\r\n    -webkit-overflow-scrolling: touch;\r\n  }\r\n  table.waffle {\r\n    border-collapse: collapse;\r\n    width: 100%;\r\n    min-width: 800px;\r\n  }\r\n  table.waffle td, table.waffle th {\r\n    border: 1px solid #000;\r\n    text-align: center;\r\n    padding: 4px;\r\n    font-family: Arial, sans-serif;\r\n    font-size: 12px;\r\n  }\r\n  .waffle .s0 { background: #003871; color: #fff; font-weight: bold; }\r\n  .waffle .s1 { background: #ffffff; color: #000; }\r\n  .waffle .s2 { background: #a91107; color: #fff; font-weight: bold; }\r\n<\/style>\r\n<!-- Aqui vem as linhas de dados -->\r\n\r\n<div class=\"ritz grid-container\" dir=\"ltr\">\r\n    <figure class=\"table\">\r\n        <table class=\"waffle\" cellspacing=\"0\" cellpadding=\"0\">\r\n            <tbody>\r\n                <tr style=\"height:20px;\">\r\n                    <td class=\"s0\" dir=\"ltr\">\r\n                        Di\u00e2metro\r\n                    <\/td>\r\n                    <td class=\"s0\" colspan=\"2\" dir=\"ltr\">\r\n                        F\r\n                    <\/td>\r\n                    <td class=\"s0\" colspan=\"2\" dir=\"ltr\">\r\n                        G\r\n                    <\/td>\r\n                    <td class=\"s0\" colspan=\"2\" dir=\"ltr\">\r\n                        H\r\n                    <\/td>\r\n                    <td class=\"s0\" colspan=\"2\" dir=\"ltr\">\r\n                        H1\r\n                    <\/td>\r\n                <\/tr>\r\n                <tr style=\"height:32px;\">\r\n                    <td class=\"s0\" dir=\"ltr\">\r\n                        Nominal\r\n                    <\/td>\r\n                    <td class=\"s2\" dir=\"ltr\">\r\n                        m\u00e1x.\r\n                    <\/td>\r\n                    <td class=\"s2\" dir=\"ltr\">\r\n                        min.\r\n                    <\/td>\r\n                    <td class=\"s2\" dir=\"ltr\">\r\n                        m\u00e1x.\r\n                    <\/td>\r\n                    <td class=\"s2\" dir=\"ltr\">\r\n                        min.\r\n                    <\/td>\r\n                    <td class=\"s2\" dir=\"ltr\">\r\n                        m\u00e1x.\r\n                    <\/td>\r\n                    <td class=\"s2\" dir=\"ltr\">\r\n                        min.\r\n                    <\/td>\r\n                    <td class=\"s2\" dir=\"ltr\">\r\n                        m\u00e1x.\r\n                    <\/td>\r\n                    <td class=\"s2\" dir=\"ltr\">\r\n                        min.\r\n                    <\/td>\r\n                <\/tr>\r\n                <tr style=\"height:33px;\">\r\n                    <td class=\"s0\" dir=\"ltr\">\r\n                        1\/4\"\r\n                    <\/td>\r\n                    <td class=\"s1\" dir=\"ltr\">\r\n                        11,125\r\n                    <\/td>\r\n                    <td class=\"s1\" dir=\"ltr\">\r\n                        10,871\r\n                    <\/td>\r\n                    <td class=\"s1\" dir=\"ltr\">\r\n                        12,827\r\n                    <\/td>\r\n                    <td class=\"s1\" dir=\"ltr\">\r\n                        12,395\r\n                    <\/td>\r\n                    <td class=\"s1\" dir=\"ltr\">\r\n                        5,740\r\n                    <\/td>\r\n                    <td class=\"s1\" dir=\"ltr\">\r\n                        5,384\r\n                    <\/td>\r\n                    <td class=\"s1\" dir=\"ltr\">\r\n                        4,140\r\n                    <\/td>\r\n                    <td class=\"s1\" dir=\"ltr\">\r\n                        3,810\r\n                    <\/td>\r\n                <\/tr>\r\n                <tr style=\"height:20px;\">\r\n                    <td class=\"s0\" dir=\"ltr\">\r\n                        5\/16\"\r\n                    <\/td>\r\n                    <td class=\"s1\" dir=\"ltr\">\r\n                        12,700\r\n                    <\/td>\r\n                    <td class=\"s1\" dir=\"ltr\">\r\n                        12,420\r\n                    <\/td>\r\n                    <td class=\"s1\" dir=\"ltr\">\r\n                        14,655\r\n                    <\/td>\r\n                    <td class=\"s1\" dir=\"ltr\">\r\n                        14,147\r\n                    <\/td>\r\n                    <td class=\"s1\" dir=\"ltr\">\r\n                        6,934\r\n                    <\/td>\r\n                    <td class=\"s1\" dir=\"ltr\">\r\n                        6,553\r\n                    <\/td>\r\n                    <td class=\"s1\" dir=\"ltr\">\r\n                        4,953\r\n                    <\/td>\r\n                    <td class=\"s1\" dir=\"ltr\">\r\n                        4,572\r\n                    <\/td>\r\n                <\/tr>\r\n                <tr style=\"height:21px;\">\r\n                    <td class=\"s0\" dir=\"ltr\">\r\n                        3\/8\"\r\n                    <\/td>\r\n                    <td class=\"s1\" dir=\"ltr\">\r\n                        14,274\r\n                    <\/td>\r\n                    <td class=\"s1\" dir=\"ltr\">\r\n                        13,995\r\n                    <\/td>\r\n                    <td class=\"s1\" dir=\"ltr\">\r\n                        16,510\r\n                    <\/td>\r\n                    <td class=\"s1\" dir=\"ltr\">\r\n                        15,951\r\n                    <\/td>\r\n                    <td class=\"s1\" dir=\"ltr\">\r\n                        8,559\r\n                    <\/td>\r\n                    <td class=\"s1\" dir=\"ltr\">\r\n                        8,128\r\n                    <\/td>\r\n                    <td class=\"s1\" dir=\"ltr\">\r\n                        5,765\r\n                    <\/td>\r\n                    <td class=\"s1\" dir=\"ltr\">\r\n                        5,334\r\n                    <\/td>\r\n                <\/tr>\r\n                <tr style=\"height:22px;\">\r\n                    <td class=\"s0\" dir=\"ltr\">\r\n                        7\/16\"\r\n                    <\/td>\r\n                    <td class=\"s1\" dir=\"ltr\">\r\n                        17,475\r\n                    <\/td>\r\n                    <td class=\"s1\" dir=\"ltr\">\r\n                        17,145\r\n                    <\/td>\r\n                    <td class=\"s1\" dir=\"ltr\">\r\n                        20,167\r\n                    <\/td>\r\n                    <td class=\"s1\" dir=\"ltr\">\r\n                        19,507\r\n                    <\/td>\r\n                    <td class=\"s1\" dir=\"ltr\">\r\n                        9,779\r\n                    <\/td>\r\n                    <td class=\"s1\" dir=\"ltr\">\r\n                        9,271\r\n                    <\/td>\r\n                    <td class=\"s1\" dir=\"ltr\">\r\n                        6,604\r\n                    <\/td>\r\n                    <td class=\"s1\" dir=\"ltr\">\r\n                        6,096\r\n                    <\/td>\r\n                <\/tr>\r\n                <tr style=\"height:27px;\">\r\n                    <td class=\"s0\" dir=\"ltr\">\r\n                        1\/2\"\r\n                    <\/td>\r\n                    <td class=\"s1\" dir=\"ltr\">\r\n                        19,050\r\n                    <\/td>\r\n                    <td class=\"s1\" dir=\"ltr\">\r\n                        18,694\r\n                    <\/td>\r\n                    <td class=\"s1\" dir=\"ltr\">\r\n                        21,996\r\n                    <\/td>\r\n                    <td class=\"s1\" dir=\"ltr\">\r\n                        21,336\r\n                    <\/td>\r\n                    <td class=\"s1\" dir=\"ltr\">\r\n                        11,379\r\n                    <\/td>\r\n                    <td class=\"s1\" dir=\"ltr\">\r\n                        10,845\r\n                    <\/td>\r\n                    <td class=\"s1\" dir=\"ltr\">\r\n                        8,204\r\n                    <\/td>\r\n                    <td class=\"s1\" dir=\"ltr\">\r\n                        7,670\r\n                    <\/td>\r\n                <\/tr>\r\n                <tr style=\"height:20px;\">\r\n                    <td class=\"s0\" dir=\"ltr\">\r\n                        9\/16\"\r\n                    <\/td>\r\n                    <td class=\"s1\" dir=\"ltr\">\r\n                        22,225\r\n                    <\/td>\r\n                    <td class=\"s1\" dir=\"ltr\">\r\n                        21,869\r\n                    <\/td>\r\n                    <td class=\"s1\" dir=\"ltr\">\r\n                        25,654\r\n                    <\/td>\r\n                    <td class=\"s1\" dir=\"ltr\">\r\n                        24,942\r\n                    <\/td>\r\n                    <td class=\"s1\" dir=\"ltr\">\r\n                        12,598\r\n                    <\/td>\r\n                    <td class=\"s1\" dir=\"ltr\">\r\n                        12,014\r\n                    <\/td>\r\n                    <td class=\"s1\" dir=\"ltr\">\r\n                        8,229\r\n                    <\/td>\r\n                    <td class=\"s1\" dir=\"ltr\">\r\n                        7,645\r\n                    <\/td>\r\n                <\/tr>\r\n                <tr style=\"height:20px;\">\r\n                    <td class=\"s0\" dir=\"ltr\">\r\n                        5\/8\"\r\n                    <\/td>\r\n                    <td class=\"s1\" dir=\"ltr\">\r\n                        23,825\r\n                    <\/td>\r\n                    <td class=\"s1\" dir=\"ltr\">\r\n                        23,418\r\n                    <\/td>\r\n                    <td class=\"s1\" dir=\"ltr\">\r\n                        27,508\r\n                    <\/td>\r\n                    <td class=\"s1\" dir=\"ltr\">\r\n                        26,695\r\n                    <\/td>\r\n                    <td class=\"s1\" dir=\"ltr\">\r\n                        14,198\r\n                    <\/td>\r\n                    <td class=\"s1\" dir=\"ltr\">\r\n                        13,589\r\n                    <\/td>\r\n                    <td class=\"s1\" dir=\"ltr\">\r\n                        9,829\r\n                    <\/td>\r\n                    <td class=\"s1\" dir=\"ltr\">\r\n                        9,220\r\n                    <\/td>\r\n                <\/tr>\r\n                <tr style=\"height:20px;\">\r\n                    <td class=\"s0\" dir=\"ltr\">\r\n                        3\/4\"\r\n                    <\/td>\r\n                    <td class=\"s1\" dir=\"ltr\">\r\n                        28,575\r\n                    <\/td>\r\n                    <td class=\"s1\" dir=\"ltr\">\r\n                        27,635\r\n                    <\/td>\r\n                    <td class=\"s1\" dir=\"ltr\">\r\n                        32,994\r\n                    <\/td>\r\n                    <td class=\"s1\" dir=\"ltr\">\r\n                        31,496\r\n                    <\/td>\r\n                    <td class=\"s1\" dir=\"ltr\">\r\n                        16,891\r\n                    <\/td>\r\n                    <td class=\"s1\" dir=\"ltr\">\r\n                        15,671\r\n                    <\/td>\r\n                    <td class=\"s1\" dir=\"ltr\">\r\n                        11,328\r\n                    <\/td>\r\n                    <td class=\"s1\" dir=\"ltr\">\r\n                        10,109\r\n                    <\/td>\r\n                <\/tr>\r\n                <tr style=\"height:20px;\">\r\n                    <td class=\"s0\" dir=\"ltr\">\r\n                        7\/8\"\r\n                    <\/td>\r\n                    <td class=\"s1\" dir=\"ltr\">\r\n                        33,324\r\n                    <\/td>\r\n                    <td class=\"s1\" dir=\"ltr\">\r\n                        32,232\r\n                    <\/td>\r\n                    <td class=\"s1\" dir=\"ltr\">\r\n                        38,506\r\n                    <\/td>\r\n                    <td class=\"s1\" dir=\"ltr\">\r\n                        36,753\r\n                    <\/td>\r\n                    <td class=\"s1\" dir=\"ltr\">\r\n                        19,710\r\n                    <\/td>\r\n                    <td class=\"s1\" dir=\"ltr\">\r\n                        18,389\r\n                    <\/td>\r\n                    <td class=\"s1\" dir=\"ltr\">\r\n                        12,954\r\n                    <\/td>\r\n                    <td class=\"s1\" dir=\"ltr\">\r\n                        11,633\r\n                    <\/td>\r\n                <\/tr>\r\n                <tr style=\"height:20px;\">\r\n                    <td class=\"s0\" dir=\"ltr\">\r\n                        1\"\r\n                    <\/td>\r\n                    <td class=\"s1\" dir=\"ltr\">\r\n                        38,100\r\n                    <\/td>\r\n                    <td class=\"s1\" dir=\"ltr\">\r\n                        36,830\r\n                    <\/td>\r\n                    <td class=\"s1\" dir=\"ltr\">\r\n                        43,992\r\n                    <\/td>\r\n                    <td class=\"s1\" dir=\"ltr\">\r\n                        41,986\r\n                    <\/td>\r\n                    <td class=\"s1\" dir=\"ltr\">\r\n                        22,529\r\n                    <\/td>\r\n                    <td class=\"s1\" dir=\"ltr\">\r\n                        21,107\r\n                    <\/td>\r\n                    <td class=\"s1\" dir=\"ltr\">\r\n                        14,605\r\n                    <\/td>\r\n                    <td class=\"s1\" dir=\"ltr\">\r\n                        13,182\r\n                    <\/td>\r\n                <\/tr>\r\n                <tr style=\"height:20px;\">\r\n                    <td class=\"s0\" dir=\"ltr\">\r\n                        1.1\/8\"\r\n                    <\/td>\r\n                    <td class=\"s1\" dir=\"ltr\">\r\n                        42,875\r\n                    <\/td>\r\n                    <td class=\"s1\" dir=\"ltr\">\r\n                        41,427\r\n                    <\/td>\r\n                    <td class=\"s1\" dir=\"ltr\">\r\n                        49,504\r\n                    <\/td>\r\n                    <td class=\"s1\" dir=\"ltr\">\r\n                        47,218\r\n                    <\/td>\r\n                    <td class=\"s1\" dir=\"ltr\">\r\n                        25,374\r\n                    <\/td>\r\n                    <td class=\"s1\" dir=\"ltr\">\r\n                        23,850\r\n                    <\/td>\r\n                    <td class=\"s1\" dir=\"ltr\">\r\n                        16,230\r\n                    <\/td>\r\n                    <td class=\"s1\" dir=\"ltr\">\r\n                        14,706\r\n                    <\/td>\r\n                <\/tr>\r\n                <tr style=\"height:20px;\">\r\n                    <td class=\"s0\" dir=\"ltr\">\r\n                        1.1\/4\"\r\n                    <\/td>\r\n                    <td class=\"s1\" dir=\"ltr\">\r\n                        47,625\r\n                    <\/td>\r\n                    <td class=\"s1\" dir=\"ltr\">\r\n                        46,024\r\n                    <\/td>\r\n                    <td class=\"s1\" dir=\"ltr\">\r\n                        54,991\r\n                    <\/td>\r\n                    <td class=\"s1\" dir=\"ltr\">\r\n                        52,476\r\n                    <\/td>\r\n                    <td class=\"s1\" dir=\"ltr\">\r\n                        27,787\r\n                    <\/td>\r\n                    <td class=\"s1\" dir=\"ltr\">\r\n                        26,162\r\n                    <\/td>\r\n                    <td class=\"s1\" dir=\"ltr\">\r\n                        19,075\r\n                    <\/td>\r\n                    <td class=\"s1\" dir=\"ltr\">\r\n                        17,449\r\n                    <\/td>\r\n                <\/tr>\r\n                <tr style=\"height:20px;\">\r\n                    <td class=\"s0\" dir=\"ltr\">\r\n                        1.3\/8\"\r\n                    <\/td>\r\n                    <td class=\"s1\" dir=\"ltr\">\r\n                        52.374\r\n                    <\/td>\r\n                    <td class=\"s1\" dir=\"ltr\">\r\n                        50,647\r\n                    <\/td>\r\n                    <td class=\"s1\" dir=\"ltr\">\r\n                        60,502\r\n                    <\/td>\r\n                    <td class=\"s1\" dir=\"ltr\">\r\n                        57,734\r\n                    <\/td>\r\n                    <td class=\"s1\" dir=\"ltr\">\r\n                        30,632\r\n                    <\/td>\r\n                    <td class=\"s1\" dir=\"ltr\">\r\n                        28,905\r\n                    <\/td>\r\n                    <td class=\"s1\" dir=\"ltr\">\r\n                        20,701\r\n                    <\/td>\r\n                    <td class=\"s1\" dir=\"ltr\">\r\n                        18,973\r\n                    <\/td>\r\n                <\/tr>\r\n                <tr style=\"height:20px;\">\r\n                    <td class=\"s0\" dir=\"ltr\">\r\n                        1.1\/2\"\r\n                    <\/td>\r\n                    <td class=\"s1\" dir=\"ltr\">\r\n                        57,150\r\n                    <\/td>\r\n                    <td class=\"s1\" dir=\"ltr\">\r\n                        55,245\r\n                    <\/td>\r\n                    <td class=\"s1\" dir=\"ltr\">\r\n                        65,989\r\n                    <\/td>\r\n                    <td class=\"s1\" dir=\"ltr\">\r\n                        62,992\r\n                    <\/td>\r\n                    <td class=\"s1\" dir=\"ltr\">\r\n                        33,451\r\n                    <\/td>\r\n                    <td class=\"s1\" dir=\"ltr\">\r\n                        31,623\r\n                    <\/td>\r\n                    <td class=\"s1\" dir=\"ltr\">\r\n                        22,352\r\n                    <\/td>\r\n                    <td class=\"s1\" dir=\"ltr\">\r\n                        20,523\r\n                    <\/td>\r\n                <\/tr>\r\n            <\/tbody>\r\n        <\/table>\r\n    <\/figure>\r\n<\/div>\r\n\r\n\r\n<!-- Aqui vem as linhas de dados -->\r\n      <!-- ... -->\r\n   <\/table>\r\n<\/div>\r\n\t\t\t\t<\/div>\n\t\t\t\t<\/div>\n\t\t\t\t<\/div>\n\t\t\t\t\t<\/div>\n\t\t\t\t<\/div>\n\t\t<div class=\"elementor-element elementor-element-7fe0c7e2 e-flex e-con-boxed e-con e-parent\" data-id=\"7fe0c7e2\" data-element_type=\"container\">\n\t\t\t\t\t<div class=\"e-con-inner\">\n\t\t\t\t<div class=\"elementor-element elementor-element-356d048d elementor-widget elementor-widget-heading\" data-id=\"356d048d\" data-element_type=\"widget\" data-widget_type=\"heading.default\">\n\t\t\t\t<div class=\"elementor-widget-container\">\n\t\t\t\t\t<h2 class=\"elementor-heading-title elementor-size-default\">OBS: ROSCA: Especificar - UNC\/UNF\/BSW\/BSF.<\/h2>\t\t\t\t<\/div>\n\t\t\t\t<\/div>\n\t\t\t\t\t<\/div>\n\t\t\t\t<\/div>\n\t\t\t\t<\/div>\n\t\t","protected":false},"excerpt":{"rendered":"<p>Porca e Contra-Porca Sextavada: Normal \/ Leve \/ Regular REFER\u00caNCIA ASME \/ ANSI B18.2.2 &#8211; 1987 (Tabela 3) Veja outros modelos Veja outros Produtos Di\u00e2metro F G H H1 Nominal m\u00e1x. min. m\u00e1x. min. m\u00e1x. min. m\u00e1x. min. 1\/4&#8243; 11,125 10,871 12,827 12,395 5,740 5,384 4,140 3,810 5\/16&#8243; 12,700 12,420 14,655 14,147 6,934 6,553 4,953 [&hellip;]<\/p>\n","protected":false},"author":1,"featured_media":0,"parent":0,"menu_order":0,"comment_status":"closed","ping_status":"closed","template":"","meta":{"footnotes":""},"class_list":["post-603","page","type-page","status-publish","hentry"],"_links":{"self":[{"href":"https:\/\/msmindustria.com.br\/index.php\/wp-json\/wp\/v2\/pages\/603","targetHints":{"allow":["GET"]}}],"collection":[{"href":"https:\/\/msmindustria.com.br\/index.php\/wp-json\/wp\/v2\/pages"}],"about":[{"href":"https:\/\/msmindustria.com.br\/index.php\/wp-json\/wp\/v2\/types\/page"}],"author":[{"embeddable":true,"href":"https:\/\/msmindustria.com.br\/index.php\/wp-json\/wp\/v2\/users\/1"}],"replies":[{"embeddable":true,"href":"https:\/\/msmindustria.com.br\/index.php\/wp-json\/wp\/v2\/comments?post=603"}],"version-history":[{"count":16,"href":"https:\/\/msmindustria.com.br\/index.php\/wp-json\/wp\/v2\/pages\/603\/revisions"}],"predecessor-version":[{"id":1224,"href":"https:\/\/msmindustria.com.br\/index.php\/wp-json\/wp\/v2\/pages\/603\/revisions\/1224"}],"wp:attachment":[{"href":"https:\/\/msmindustria.com.br\/index.php\/wp-json\/wp\/v2\/media?parent=603"}],"curies":[{"name":"wp","href":"https:\/\/api.w.org\/{rel}","templated":true}]}}