{"id":611,"date":"2025-07-14T16:13:00","date_gmt":"2025-07-14T16:13:00","guid":{"rendered":"https:\/\/msmindustria.com.br\/wordpress\/?page_id=611"},"modified":"2025-08-20T12:35:57","modified_gmt":"2025-08-20T12:35:57","slug":"porcas-quadradas-normal-leve-regular","status":"publish","type":"page","link":"https:\/\/msmindustria.com.br\/index.php\/porcas-quadradas-normal-leve-regular\/","title":{"rendered":"Porcas Quadradas: Normal &#8211; Leve &#8211; Regular"},"content":{"rendered":"\t\t<div data-elementor-type=\"wp-page\" data-elementor-id=\"611\" class=\"elementor elementor-611\">\n\t\t\t\t<div class=\"elementor-element elementor-element-5e722485 e-flex e-con-boxed e-con e-parent\" data-id=\"5e722485\" data-element_type=\"container\" data-settings=\"{&quot;background_background&quot;:&quot;slideshow&quot;,&quot;background_slideshow_gallery&quot;:[{&quot;id&quot;:553,&quot;url&quot;:&quot;https:\\\/\\\/msmindustria.com.br\\\/wp-content\\\/uploads\\\/2025\\\/07\\\/catal-scaled.webp&quot;}],&quot;background_slideshow_loop&quot;:&quot;yes&quot;,&quot;background_slideshow_slide_duration&quot;:5000,&quot;background_slideshow_slide_transition&quot;:&quot;fade&quot;,&quot;background_slideshow_transition_duration&quot;:500}\">\n\t\t\t\t\t<div class=\"e-con-inner\">\n\t\t<div class=\"elementor-element elementor-element-459c6334 e-con-full e-flex e-con e-child\" data-id=\"459c6334\" data-element_type=\"container\">\n\t\t\t\t<div class=\"elementor-element elementor-element-6adb4639 elementor-widget elementor-widget-spacer\" data-id=\"6adb4639\" data-element_type=\"widget\" data-widget_type=\"spacer.default\">\n\t\t\t\t<div class=\"elementor-widget-container\">\n\t\t\t\t\t\t\t<div class=\"elementor-spacer\">\n\t\t\t<div class=\"elementor-spacer-inner\"><\/div>\n\t\t<\/div>\n\t\t\t\t\t\t<\/div>\n\t\t\t\t<\/div>\n\t\t\t\t<div class=\"elementor-element elementor-element-9f277f9 elementor-widget__width-initial elementor-widget elementor-widget-heading\" data-id=\"9f277f9\" data-element_type=\"widget\" data-widget_type=\"heading.default\">\n\t\t\t\t<div class=\"elementor-widget-container\">\n\t\t\t\t\t<h2 class=\"elementor-heading-title elementor-size-default\">Porcas Quadradas: Normal - Leve - Regular<\/h2>\t\t\t\t<\/div>\n\t\t\t\t<\/div>\n\t\t\t\t<div class=\"elementor-element elementor-element-a14d2a elementor-widget elementor-widget-spacer\" data-id=\"a14d2a\" data-element_type=\"widget\" data-widget_type=\"spacer.default\">\n\t\t\t\t<div class=\"elementor-widget-container\">\n\t\t\t\t\t\t\t<div class=\"elementor-spacer\">\n\t\t\t<div class=\"elementor-spacer-inner\"><\/div>\n\t\t<\/div>\n\t\t\t\t\t\t<\/div>\n\t\t\t\t<\/div>\n\t\t\t\t<\/div>\n\t\t\t\t\t<\/div>\n\t\t\t\t<\/div>\n\t\t<div class=\"elementor-element elementor-element-5370da1b e-flex e-con-boxed e-con e-parent\" data-id=\"5370da1b\" data-element_type=\"container\">\n\t\t\t\t\t<div class=\"e-con-inner\">\n\t\t<div class=\"elementor-element elementor-element-4612bd84 e-con-full e-flex e-con e-child\" data-id=\"4612bd84\" data-element_type=\"container\">\n\t\t\t\t<div class=\"elementor-element elementor-element-17afb474 elementor-widget elementor-widget-image\" data-id=\"17afb474\" data-element_type=\"widget\" data-widget_type=\"image.default\">\n\t\t\t\t<div class=\"elementor-widget-container\">\n\t\t\t\t\t\t\t\t\t\t\t\t\t\t\t<img fetchpriority=\"high\" decoding=\"async\" width=\"363\" height=\"216\" src=\"https:\/\/msmindustria.com.br\/wp-content\/uploads\/2025\/07\/pqnlr.jpg\" class=\"attachment-large size-large wp-image-613\" alt=\"\" srcset=\"https:\/\/msmindustria.com.br\/wp-content\/uploads\/2025\/07\/pqnlr.jpg 363w, https:\/\/msmindustria.com.br\/wp-content\/uploads\/2025\/07\/pqnlr-300x179.jpg 300w\" sizes=\"(max-width: 363px) 100vw, 363px\" \/>\t\t\t\t\t\t\t\t\t\t\t\t\t\t\t<\/div>\n\t\t\t\t<\/div>\n\t\t\t\t<\/div>\n\t\t<div class=\"elementor-element elementor-element-3f962c64 e-con-full e-flex e-con e-child\" data-id=\"3f962c64\" data-element_type=\"container\">\n\t\t\t\t<div class=\"elementor-element elementor-element-12f8e62c elementor-widget__width-initial elementor-widget elementor-widget-heading\" data-id=\"12f8e62c\" data-element_type=\"widget\" data-widget_type=\"heading.default\">\n\t\t\t\t<div class=\"elementor-widget-container\">\n\t\t\t\t\t<h2 class=\"elementor-heading-title elementor-size-default\">REFER\u00caNCIA\nASME \/ ANSI B18.2.2 - 1987\n(Tabela 1)<\/h2>\t\t\t\t<\/div>\n\t\t\t\t<\/div>\n\t\t<div class=\"elementor-element elementor-element-165980b e-con-full e-flex e-con e-child\" data-id=\"165980b\" data-element_type=\"container\">\n\t\t\t\t<div class=\"elementor-element elementor-element-9880d81 elementor-widget elementor-widget-button\" data-id=\"9880d81\" data-element_type=\"widget\" data-widget_type=\"button.default\">\n\t\t\t\t<div class=\"elementor-widget-container\">\n\t\t\t\t\t\t\t\t\t<div class=\"elementor-button-wrapper\">\n\t\t\t\t\t<a class=\"elementor-button elementor-button-link elementor-size-sm\" href=\"https:\/\/msmindustria.com.br\/index.php\/porcas-2\/\">\n\t\t\t\t\t\t<span class=\"elementor-button-content-wrapper\">\n\t\t\t\t\t\t<span class=\"elementor-button-icon\">\n\t\t\t\t<i aria-hidden=\"true\" class=\"far fa-arrow-alt-circle-right\"><\/i>\t\t\t<\/span>\n\t\t\t\t\t\t\t\t\t<span class=\"elementor-button-text\">Veja outros modelos<\/span>\n\t\t\t\t\t<\/span>\n\t\t\t\t\t<\/a>\n\t\t\t\t<\/div>\n\t\t\t\t\t\t\t\t<\/div>\n\t\t\t\t<\/div>\n\t\t\t\t<div class=\"elementor-element elementor-element-23ba915 elementor-widget elementor-widget-button\" data-id=\"23ba915\" data-element_type=\"widget\" data-widget_type=\"button.default\">\n\t\t\t\t<div class=\"elementor-widget-container\">\n\t\t\t\t\t\t\t\t\t<div class=\"elementor-button-wrapper\">\n\t\t\t\t\t<a class=\"elementor-button elementor-button-link elementor-size-sm\" href=\"https:\/\/msmindustria.com.br\/index.php\/produtos\/\">\n\t\t\t\t\t\t<span class=\"elementor-button-content-wrapper\">\n\t\t\t\t\t\t<span class=\"elementor-button-icon\">\n\t\t\t\t<i aria-hidden=\"true\" class=\"fas fa-arrow-alt-circle-right\"><\/i>\t\t\t<\/span>\n\t\t\t\t\t\t\t\t\t<span class=\"elementor-button-text\">Veja outros Produtos<\/span>\n\t\t\t\t\t<\/span>\n\t\t\t\t\t<\/a>\n\t\t\t\t<\/div>\n\t\t\t\t\t\t\t\t<\/div>\n\t\t\t\t<\/div>\n\t\t\t\t<\/div>\n\t\t\t\t<\/div>\n\t\t\t\t\t<\/div>\n\t\t\t\t<\/div>\n\t\t<div class=\"elementor-element elementor-element-6a7c10eb e-flex e-con-boxed e-con e-parent\" data-id=\"6a7c10eb\" data-element_type=\"container\">\n\t\t\t\t\t<div class=\"e-con-inner\">\n\t\t<div class=\"elementor-element elementor-element-437f275b e-con-full e-flex e-con e-child\" data-id=\"437f275b\" data-element_type=\"container\">\n\t\t\t\t<div class=\"elementor-element elementor-element-7139235f elementor-widget elementor-widget-html\" data-id=\"7139235f\" data-element_type=\"widget\" data-widget_type=\"html.default\">\n\t\t\t\t<div class=\"elementor-widget-container\">\n\t\t\t\t\t<style>\r\n  .table-container {\r\n    overflow-x: auto;\r\n    -webkit-overflow-scrolling: touch;\r\n  }\r\n  table.waffle {\r\n    border-collapse: collapse;\r\n    width: 100%;\r\n    min-width: 800px;\r\n  }\r\n  table.waffle td, table.waffle th {\r\n    border: 1px solid #000;\r\n    text-align: center;\r\n    padding: 4px;\r\n    font-family: Arial, sans-serif;\r\n    font-size: 12px;\r\n  }\r\n  .waffle .s0 { background: #003871; color: #fff; font-weight: bold; }\r\n  .waffle .s1 { background: #ffffff; color: #000; }\r\n  .waffle .s2 { background: #a91107; color: #fff; font-weight: bold; }\r\n<\/style>\r\n<!-- Aqui vem as linhas de dados -->\r\n\r\n<div class=\"ritz grid-container\" dir=\"ltr\">\r\n    <figure class=\"table\">\r\n        <table class=\"waffle\" cellspacing=\"0\" cellpadding=\"0\">\r\n            <tbody>\r\n                <tr style=\"height:20px;\">\r\n                    <td class=\"s0\" dir=\"ltr\">\r\n                        Di\u00e2metro\r\n                    <\/td>\r\n                    <td class=\"s0\" colspan=\"2\" dir=\"ltr\">\r\n                        F\r\n                    <\/td>\r\n                    <td class=\"s0\" colspan=\"2\" dir=\"ltr\">\r\n                        G\r\n                    <\/td>\r\n                    <td class=\"s0\" colspan=\"2\" dir=\"ltr\">\r\n                        H\r\n                    <\/td>\r\n                <\/tr>\r\n                <tr style=\"height:32px;\">\r\n                    <td class=\"s0\" dir=\"ltr\">\r\n                        Nominal\r\n                    <\/td>\r\n                    <td class=\"s2\" dir=\"ltr\">\r\n                        m\u00e1x.\r\n                    <\/td>\r\n                    <td class=\"s2\" dir=\"ltr\">\r\n                        min.\r\n                    <\/td>\r\n                    <td class=\"s2\" dir=\"ltr\">\r\n                        m\u00e1x.\r\n                    <\/td>\r\n                    <td class=\"s2\" dir=\"ltr\">\r\n                        min.\r\n                    <\/td>\r\n                    <td class=\"s2\" dir=\"ltr\">\r\n                        m\u00e1x.\r\n                    <\/td>\r\n                    <td class=\"s2\" dir=\"ltr\">\r\n                        min.\r\n                    <\/td>\r\n                <\/tr>\r\n                <tr style=\"height:33px;\">\r\n                    <td class=\"s0\" dir=\"ltr\">\r\n                        1\/4\"\r\n                    <\/td>\r\n                    <td class=\"s1\" dir=\"ltr\">\r\n                        11,125\r\n                    <\/td>\r\n                    <td class=\"s1\" dir=\"ltr\">\r\n                        10,795\r\n                    <\/td>\r\n                    <td class=\"s1\" dir=\"ltr\">\r\n                        15,722\r\n                    <\/td>\r\n                    <td class=\"s1\" dir=\"ltr\">\r\n                        14,833\r\n                    <\/td>\r\n                    <td class=\"s1\" dir=\"ltr\">\r\n                        5,969\r\n                    <\/td>\r\n                    <td class=\"s1\" dir=\"ltr\">\r\n                        5,156\r\n                    <\/td>\r\n                <\/tr>\r\n                <tr style=\"height:20px;\">\r\n                    <td class=\"s0\" dir=\"ltr\">\r\n                        5\/16\"\r\n                    <\/td>\r\n                    <td class=\"s1\" dir=\"ltr\">\r\n                        14,274\r\n                    <\/td>\r\n                    <td class=\"s1\" dir=\"ltr\">\r\n                        13,893\r\n                    <\/td>\r\n                    <td class=\"s1\" dir=\"ltr\">\r\n                        20,193\r\n                    <\/td>\r\n                    <td class=\"s1\" dir=\"ltr\">\r\n                        19,075\r\n                    <\/td>\r\n                    <td class=\"s1\" dir=\"ltr\">\r\n                        7,188\r\n                    <\/td>\r\n                    <td class=\"s1\" dir=\"ltr\">\r\n                        6,324\r\n                    <\/td>\r\n                <\/tr>\r\n                <tr style=\"height:21px;\">\r\n                    <td class=\"s0\" dir=\"ltr\">\r\n                        3\/8\"\r\n                    <\/td>\r\n                    <td class=\"s1\" dir=\"ltr\">\r\n                        15,875\r\n                    <\/td>\r\n                    <td class=\"s1\" dir=\"ltr\">\r\n                        15,392\r\n                    <\/td>\r\n                    <td class=\"s1\" dir=\"ltr\">\r\n                        22,453\r\n                    <\/td>\r\n                    <td class=\"s1\" dir=\"ltr\">\r\n                        21,132\r\n                    <\/td>\r\n                    <td class=\"s1\" dir=\"ltr\">\r\n                        8,788\r\n                    <\/td>\r\n                    <td class=\"s1\" dir=\"ltr\">\r\n                        7,874\r\n                    <\/td>\r\n                <\/tr>\r\n                <tr style=\"height:22px;\">\r\n                    <td class=\"s0\" dir=\"ltr\">\r\n                        7\/16\"\r\n                    <\/td>\r\n                    <td class=\"s1\" dir=\"ltr\">\r\n                        19,050\r\n                    <\/td>\r\n                    <td class=\"s1\" dir=\"ltr\">\r\n                        18,491\r\n                    <\/td>\r\n                    <td class=\"s1\" dir=\"ltr\">\r\n                        26,949\r\n                    <\/td>\r\n                    <td class=\"s1\" dir=\"ltr\">\r\n                        25,400\r\n                    <\/td>\r\n                    <td class=\"s1\" dir=\"ltr\">\r\n                        10,007\r\n                    <\/td>\r\n                    <td class=\"s1\" dir=\"ltr\">\r\n                        9,042\r\n                    <\/td>\r\n                <\/tr>\r\n                <tr style=\"height:27px;\">\r\n                    <td class=\"s0\" dir=\"ltr\">\r\n                        1\/2\"\r\n                    <\/td>\r\n                    <td class=\"s1\" dir=\"ltr\">\r\n                        20,624\r\n                    <\/td>\r\n                    <td class=\"s1\" dir=\"ltr\">\r\n                        20,015\r\n                    <\/td>\r\n                    <td class=\"s1\" dir=\"ltr\">\r\n                        29,184\r\n                    <\/td>\r\n                    <td class=\"s1\" dir=\"ltr\">\r\n                        27,482\r\n                    <\/td>\r\n                    <td class=\"s1\" dir=\"ltr\">\r\n                        11,633\r\n                    <\/td>\r\n                    <td class=\"s1\" dir=\"ltr\">\r\n                        10,617\r\n                    <\/td>\r\n                <\/tr>\r\n                <tr style=\"height:20px;\">\r\n                    <td class=\"s0\" dir=\"ltr\">\r\n                        5\/8\"\r\n                    <\/td>\r\n                    <td class=\"s1\" dir=\"ltr\">\r\n                        25,400\r\n                    <\/td>\r\n                    <td class=\"s1\" dir=\"ltr\">\r\n                        24,612\r\n                    <\/td>\r\n                    <td class=\"s1\" dir=\"ltr\">\r\n                        35,915\r\n                    <\/td>\r\n                    <td class=\"s1\" dir=\"ltr\">\r\n                        33,782\r\n                    <\/td>\r\n                    <td class=\"s1\" dir=\"ltr\">\r\n                        14,452\r\n                    <\/td>\r\n                    <td class=\"s1\" dir=\"ltr\">\r\n                        13,335\r\n                    <\/td>\r\n                <\/tr>\r\n                <tr style=\"height:20px;\">\r\n                    <td class=\"s0\" dir=\"ltr\">\r\n                        3\/4\"\r\n                    <\/td>\r\n                    <td class=\"s1\" dir=\"ltr\">\r\n                        28,575\r\n                    <\/td>\r\n                    <td class=\"s1\" dir=\"ltr\">\r\n                        27,635\r\n                    <\/td>\r\n                    <td class=\"s1\" dir=\"ltr\">\r\n                        40,411\r\n                    <\/td>\r\n                    <td class=\"s1\" dir=\"ltr\">\r\n                        37,947\r\n                    <\/td>\r\n                    <td class=\"s1\" dir=\"ltr\">\r\n                        17,272\r\n                    <\/td>\r\n                    <td class=\"s1\" dir=\"ltr\">\r\n                        16,052\r\n                    <\/td>\r\n                <\/tr>\r\n                <tr style=\"height:20px;\">\r\n                    <td class=\"s0\" dir=\"ltr\">\r\n                        7\/8\"\r\n                    <\/td>\r\n                    <td class=\"s1\" dir=\"ltr\">\r\n                        33,324\r\n                    <\/td>\r\n                    <td class=\"s1\" dir=\"ltr\">\r\n                        32,232\r\n                    <\/td>\r\n                    <td class=\"s1\" dir=\"ltr\">\r\n                        47,142\r\n                    <\/td>\r\n                    <td class=\"s1\" dir=\"ltr\">\r\n                        44,246\r\n                    <\/td>\r\n                    <td class=\"s1\" dir=\"ltr\">\r\n                        20,116\r\n                    <\/td>\r\n                    <td class=\"s1\" dir=\"ltr\">\r\n                        18,796\r\n                    <\/td>\r\n                <\/tr>\r\n                <tr style=\"height:20px;\">\r\n                    <td class=\"s0\" dir=\"ltr\">\r\n                        1\"\r\n                    <\/td>\r\n                    <td class=\"s1\" dir=\"ltr\">\r\n                        38,100\r\n                    <\/td>\r\n                    <td class=\"s1\" dir=\"ltr\">\r\n                        36,830\r\n                    <\/td>\r\n                    <td class=\"s1\" dir=\"ltr\">\r\n                        53,873\r\n                    <\/td>\r\n                    <td class=\"s1\" dir=\"ltr\">\r\n                        50,571\r\n                    <\/td>\r\n                    <td class=\"s1\" dir=\"ltr\">\r\n                        22,936\r\n                    <\/td>\r\n                    <td class=\"s1\" dir=\"ltr\">\r\n                        21,513\r\n                    <\/td>\r\n                <\/tr>\r\n                <tr style=\"height:20px;\">\r\n                    <td class=\"s0\" dir=\"ltr\">\r\n                        1.1\/8\"\r\n                    <\/td>\r\n                    <td class=\"s1\" dir=\"ltr\">\r\n                        42,875\r\n                    <\/td>\r\n                    <td class=\"s1\" dir=\"ltr\">\r\n                        41,427\r\n                    <\/td>\r\n                    <td class=\"s1\" dir=\"ltr\">\r\n                        60,604\r\n                    <\/td>\r\n                    <td class=\"s1\" dir=\"ltr\">\r\n                        56,870\r\n                    <\/td>\r\n                    <td class=\"s1\" dir=\"ltr\">\r\n                        26,162\r\n                    <\/td>\r\n                    <td class=\"s1\" dir=\"ltr\">\r\n                        24,638\r\n                    <\/td>\r\n                <\/tr>\r\n                <tr style=\"height:20px;\">\r\n                    <td class=\"s0\" dir=\"ltr\">\r\n                        1.1\/4\"\r\n                    <\/td>\r\n                    <td class=\"s1\" dir=\"ltr\">\r\n                        47,625\r\n                    <\/td>\r\n                    <td class=\"s1\" dir=\"ltr\">\r\n                        46,024\r\n                    <\/td>\r\n                    <td class=\"s1\" dir=\"ltr\">\r\n                        67,360\r\n                    <\/td>\r\n                    <td class=\"s1\" dir=\"ltr\">\r\n                        63,220\r\n                    <\/td>\r\n                    <td class=\"s1\" dir=\"ltr\">\r\n                        28,600\r\n                    <\/td>\r\n                    <td class=\"s1\" dir=\"ltr\">\r\n                        26,974\r\n                    <\/td>\r\n                <\/tr>\r\n                <tr style=\"height:20px;\">\r\n                    <td class=\"s0\" dir=\"ltr\">\r\n                        1.3\/8\"\r\n                    <\/td>\r\n                    <td class=\"s1\" dir=\"ltr\">\r\n                        52,374\r\n                    <\/td>\r\n                    <td class=\"s1\" dir=\"ltr\">\r\n                        50,647\r\n                    <\/td>\r\n                    <td class=\"s1\" dir=\"ltr\">\r\n                        74,091\r\n                    <\/td>\r\n                    <td class=\"s1\" dir=\"ltr\">\r\n                        69,545\r\n                    <\/td>\r\n                    <td class=\"s1\" dir=\"ltr\">\r\n                        31,419\r\n                    <\/td>\r\n                    <td class=\"s1\" dir=\"ltr\">\r\n                        29,692\r\n                    <\/td>\r\n                <\/tr>\r\n                <tr style=\"height:20px;\">\r\n                    <td class=\"s0\" dir=\"ltr\">\r\n                        1.1\/2\"\r\n                    <\/td>\r\n                    <td class=\"s1\" dir=\"ltr\">\r\n                        57,150\r\n                    <\/td>\r\n                    <td class=\"s1\" dir=\"ltr\">\r\n                        55,245\r\n                    <\/td>\r\n                    <td class=\"s1\" dir=\"ltr\">\r\n                        80,822\r\n                    <\/td>\r\n                    <td class=\"s1\" dir=\"ltr\">\r\n                        75,844\r\n                    <\/td>\r\n                    <td class=\"s1\" dir=\"ltr\">\r\n                        34,239\r\n                    <\/td>\r\n                    <td class=\"s1\" dir=\"ltr\">\r\n                        32,410\r\n                    <\/td>\r\n                <\/tr>\r\n            <\/tbody>\r\n        <\/table>\r\n    <\/figure>\r\n<\/div>\r\n\r\n\r\n<!-- Aqui vem as linhas de dados -->\r\n      <!-- ... -->\r\n   <\/table>\r\n<\/div>\r\n\t\t\t\t<\/div>\n\t\t\t\t<\/div>\n\t\t\t\t<\/div>\n\t\t\t\t\t<\/div>\n\t\t\t\t<\/div>\n\t\t<div class=\"elementor-element elementor-element-4639b9e5 e-flex e-con-boxed e-con e-parent\" data-id=\"4639b9e5\" data-element_type=\"container\">\n\t\t\t\t\t<div class=\"e-con-inner\">\n\t\t\t\t<div class=\"elementor-element elementor-element-29c49652 elementor-widget elementor-widget-heading\" data-id=\"29c49652\" data-element_type=\"widget\" data-widget_type=\"heading.default\">\n\t\t\t\t<div class=\"elementor-widget-container\">\n\t\t\t\t\t<h2 class=\"elementor-heading-title elementor-size-default\">OBS: ROSCAS: Especificar - UNC\/UNF\/8UN\/BSW\/BSF<\/h2>\t\t\t\t<\/div>\n\t\t\t\t<\/div>\n\t\t\t\t\t<\/div>\n\t\t\t\t<\/div>\n\t\t\t\t<\/div>\n\t\t","protected":false},"excerpt":{"rendered":"<p>Porcas Quadradas: Normal &#8211; Leve &#8211; Regular REFER\u00caNCIA ASME \/ ANSI B18.2.2 &#8211; 1987 (Tabela 1) Veja outros modelos Veja outros Produtos Di\u00e2metro F G H Nominal m\u00e1x. min. m\u00e1x. min. m\u00e1x. min. 1\/4&#8243; 11,125 10,795 15,722 14,833 5,969 5,156 5\/16&#8243; 14,274 13,893 20,193 19,075 7,188 6,324 3\/8&#8243; 15,875 15,392 22,453 21,132 8,788 7,874 7\/16&#8243; [&hellip;]<\/p>\n","protected":false},"author":1,"featured_media":0,"parent":0,"menu_order":0,"comment_status":"closed","ping_status":"closed","template":"","meta":{"footnotes":""},"class_list":["post-611","page","type-page","status-publish","hentry"],"_links":{"self":[{"href":"https:\/\/msmindustria.com.br\/index.php\/wp-json\/wp\/v2\/pages\/611","targetHints":{"allow":["GET"]}}],"collection":[{"href":"https:\/\/msmindustria.com.br\/index.php\/wp-json\/wp\/v2\/pages"}],"about":[{"href":"https:\/\/msmindustria.com.br\/index.php\/wp-json\/wp\/v2\/types\/page"}],"author":[{"embeddable":true,"href":"https:\/\/msmindustria.com.br\/index.php\/wp-json\/wp\/v2\/users\/1"}],"replies":[{"embeddable":true,"href":"https:\/\/msmindustria.com.br\/index.php\/wp-json\/wp\/v2\/comments?post=611"}],"version-history":[{"count":16,"href":"https:\/\/msmindustria.com.br\/index.php\/wp-json\/wp\/v2\/pages\/611\/revisions"}],"predecessor-version":[{"id":1215,"href":"https:\/\/msmindustria.com.br\/index.php\/wp-json\/wp\/v2\/pages\/611\/revisions\/1215"}],"wp:attachment":[{"href":"https:\/\/msmindustria.com.br\/index.php\/wp-json\/wp\/v2\/media?parent=611"}],"curies":[{"name":"wp","href":"https:\/\/api.w.org\/{rel}","templated":true}]}}