{"id":644,"date":"2025-07-15T11:40:51","date_gmt":"2025-07-15T11:40:51","guid":{"rendered":"https:\/\/msmindustria.com.br\/wordpress\/?page_id=644"},"modified":"2025-08-20T12:40:11","modified_gmt":"2025-08-20T12:40:11","slug":"arruela-lisa-serie-metrica","status":"publish","type":"page","link":"https:\/\/msmindustria.com.br\/index.php\/arruela-lisa-serie-metrica\/","title":{"rendered":"Arruela Lisa &#8211; S\u00e9rie M\u00e9trica"},"content":{"rendered":"\t\t<div data-elementor-type=\"wp-page\" data-elementor-id=\"644\" class=\"elementor elementor-644\">\n\t\t\t\t<div class=\"elementor-element elementor-element-32f53239 e-flex e-con-boxed e-con e-parent\" data-id=\"32f53239\" data-element_type=\"container\" data-settings=\"{&quot;background_background&quot;:&quot;slideshow&quot;,&quot;background_slideshow_gallery&quot;:[{&quot;id&quot;:553,&quot;url&quot;:&quot;https:\\\/\\\/msmindustria.com.br\\\/wp-content\\\/uploads\\\/2025\\\/07\\\/catal-scaled.webp&quot;}],&quot;background_slideshow_loop&quot;:&quot;yes&quot;,&quot;background_slideshow_slide_duration&quot;:5000,&quot;background_slideshow_slide_transition&quot;:&quot;fade&quot;,&quot;background_slideshow_transition_duration&quot;:500}\">\n\t\t\t\t\t<div class=\"e-con-inner\">\n\t\t<div class=\"elementor-element elementor-element-64341b29 e-con-full e-flex e-con e-child\" data-id=\"64341b29\" data-element_type=\"container\">\n\t\t\t\t<div class=\"elementor-element elementor-element-68540ae3 elementor-widget elementor-widget-spacer\" data-id=\"68540ae3\" data-element_type=\"widget\" data-widget_type=\"spacer.default\">\n\t\t\t\t<div class=\"elementor-widget-container\">\n\t\t\t\t\t\t\t<div class=\"elementor-spacer\">\n\t\t\t<div class=\"elementor-spacer-inner\"><\/div>\n\t\t<\/div>\n\t\t\t\t\t\t<\/div>\n\t\t\t\t<\/div>\n\t\t\t\t<div class=\"elementor-element elementor-element-65cc9ae6 elementor-widget__width-initial elementor-widget elementor-widget-heading\" data-id=\"65cc9ae6\" data-element_type=\"widget\" data-widget_type=\"heading.default\">\n\t\t\t\t<div class=\"elementor-widget-container\">\n\t\t\t\t\t<h2 class=\"elementor-heading-title elementor-size-default\">Arruela Lisa - S\u00e9rie M\u00e9trica<\/h2>\t\t\t\t<\/div>\n\t\t\t\t<\/div>\n\t\t\t\t<div class=\"elementor-element elementor-element-7bc2a10c elementor-widget elementor-widget-spacer\" data-id=\"7bc2a10c\" data-element_type=\"widget\" data-widget_type=\"spacer.default\">\n\t\t\t\t<div class=\"elementor-widget-container\">\n\t\t\t\t\t\t\t<div class=\"elementor-spacer\">\n\t\t\t<div class=\"elementor-spacer-inner\"><\/div>\n\t\t<\/div>\n\t\t\t\t\t\t<\/div>\n\t\t\t\t<\/div>\n\t\t\t\t<\/div>\n\t\t\t\t\t<\/div>\n\t\t\t\t<\/div>\n\t\t<div class=\"elementor-element elementor-element-14418c6d e-flex e-con-boxed e-con e-parent\" data-id=\"14418c6d\" data-element_type=\"container\">\n\t\t\t\t\t<div class=\"e-con-inner\">\n\t\t<div class=\"elementor-element elementor-element-7b6f185f e-con-full e-flex e-con e-child\" data-id=\"7b6f185f\" data-element_type=\"container\">\n\t\t\t\t<div class=\"elementor-element elementor-element-62f2e9a1 elementor-widget elementor-widget-image\" data-id=\"62f2e9a1\" data-element_type=\"widget\" data-widget_type=\"image.default\">\n\t\t\t\t<div class=\"elementor-widget-container\">\n\t\t\t\t\t\t\t\t\t\t\t\t\t\t\t<img fetchpriority=\"high\" decoding=\"async\" width=\"377\" height=\"230\" src=\"https:\/\/msmindustria.com.br\/wp-content\/uploads\/2025\/07\/alsm.jpg\" class=\"attachment-large size-large wp-image-646\" alt=\"\" srcset=\"https:\/\/msmindustria.com.br\/wp-content\/uploads\/2025\/07\/alsm.jpg 377w, https:\/\/msmindustria.com.br\/wp-content\/uploads\/2025\/07\/alsm-300x183.jpg 300w\" sizes=\"(max-width: 377px) 100vw, 377px\" \/>\t\t\t\t\t\t\t\t\t\t\t\t\t\t\t<\/div>\n\t\t\t\t<\/div>\n\t\t\t\t<\/div>\n\t\t<div class=\"elementor-element elementor-element-673bc24d e-con-full e-flex e-con e-child\" data-id=\"673bc24d\" data-element_type=\"container\">\n\t\t\t\t<div class=\"elementor-element elementor-element-37ccbe23 elementor-widget__width-initial elementor-widget elementor-widget-heading\" data-id=\"37ccbe23\" data-element_type=\"widget\" data-widget_type=\"heading.default\">\n\t\t\t\t<div class=\"elementor-widget-container\">\n\t\t\t\t\t<h2 class=\"elementor-heading-title elementor-size-default\">REFER\u00caNCIA\nDIN 125 - 03.90<\/h2>\t\t\t\t<\/div>\n\t\t\t\t<\/div>\n\t\t<div class=\"elementor-element elementor-element-ac5742d e-con-full e-flex e-con e-child\" data-id=\"ac5742d\" data-element_type=\"container\">\n\t\t\t\t<div class=\"elementor-element elementor-element-0f57625 elementor-widget elementor-widget-button\" data-id=\"0f57625\" data-element_type=\"widget\" data-widget_type=\"button.default\">\n\t\t\t\t<div class=\"elementor-widget-container\">\n\t\t\t\t\t\t\t\t\t<div class=\"elementor-button-wrapper\">\n\t\t\t\t\t<a class=\"elementor-button elementor-button-link elementor-size-sm\" href=\"https:\/\/msmindustria.com.br\/index.php\/arruelas-2\/\">\n\t\t\t\t\t\t<span class=\"elementor-button-content-wrapper\">\n\t\t\t\t\t\t<span class=\"elementor-button-icon\">\n\t\t\t\t<i aria-hidden=\"true\" class=\"far fa-arrow-alt-circle-right\"><\/i>\t\t\t<\/span>\n\t\t\t\t\t\t\t\t\t<span class=\"elementor-button-text\">Veja outros modelos<\/span>\n\t\t\t\t\t<\/span>\n\t\t\t\t\t<\/a>\n\t\t\t\t<\/div>\n\t\t\t\t\t\t\t\t<\/div>\n\t\t\t\t<\/div>\n\t\t\t\t<div class=\"elementor-element elementor-element-2f7f3d1 elementor-widget elementor-widget-button\" data-id=\"2f7f3d1\" data-element_type=\"widget\" data-widget_type=\"button.default\">\n\t\t\t\t<div class=\"elementor-widget-container\">\n\t\t\t\t\t\t\t\t\t<div class=\"elementor-button-wrapper\">\n\t\t\t\t\t<a class=\"elementor-button elementor-button-link elementor-size-sm\" href=\"https:\/\/msmindustria.com.br\/index.php\/produtos\/\">\n\t\t\t\t\t\t<span class=\"elementor-button-content-wrapper\">\n\t\t\t\t\t\t<span class=\"elementor-button-icon\">\n\t\t\t\t<i aria-hidden=\"true\" class=\"fas fa-arrow-alt-circle-right\"><\/i>\t\t\t<\/span>\n\t\t\t\t\t\t\t\t\t<span class=\"elementor-button-text\">Veja outros Produtos<\/span>\n\t\t\t\t\t<\/span>\n\t\t\t\t\t<\/a>\n\t\t\t\t<\/div>\n\t\t\t\t\t\t\t\t<\/div>\n\t\t\t\t<\/div>\n\t\t\t\t<\/div>\n\t\t\t\t<\/div>\n\t\t\t\t\t<\/div>\n\t\t\t\t<\/div>\n\t\t<div class=\"elementor-element elementor-element-54f8d7e2 e-flex e-con-boxed e-con e-parent\" data-id=\"54f8d7e2\" data-element_type=\"container\">\n\t\t\t\t\t<div class=\"e-con-inner\">\n\t\t<div class=\"elementor-element elementor-element-36e54e1a e-con-full e-flex e-con e-child\" data-id=\"36e54e1a\" data-element_type=\"container\">\n\t\t\t\t<div class=\"elementor-element elementor-element-782c414 elementor-widget elementor-widget-html\" data-id=\"782c414\" data-element_type=\"widget\" data-widget_type=\"html.default\">\n\t\t\t\t<div class=\"elementor-widget-container\">\n\t\t\t\t\t<style>\r\n  .table-container {\r\n    overflow-x: auto;\r\n    -webkit-overflow-scrolling: touch;\r\n  }\r\n  table.waffle {\r\n    border-collapse: collapse;\r\n    width: 100%;\r\n    min-width: 800px;\r\n  }\r\n  table.waffle td, table.waffle th {\r\n    border: 1px solid #000;\r\n    text-align: center;\r\n    padding: 4px;\r\n    font-family: Arial, sans-serif;\r\n    font-size: 12px;\r\n  }\r\n  .waffle .s0 { background: #003871; color: #fff; font-weight: bold; ;text-align: center; vertical-align: middle;}\r\n  .waffle .s1 { background: #ffffff; color: #000;text-align: center; vertical-align: middle;}\r\n  .waffle .s2 { background: #a91107; color: #fff; font-weight: bold; ;text-align: center; vertical-align: middle;}\r\n<\/style>\r\n<!-- Aqui vem as linhas de dados -->\r\n\r\n<div class=\"ritz grid-container\" dir=\"ltr\">\r\n    <figure class=\"table\">\r\n        <table class=\"waffle\" cellspacing=\"0\" cellpadding=\"0\">\r\n            <tbody>\r\n                <tr style=\"height:41px;\">\r\n                    <td class=\"s0\" colspan=\"2\" dir=\"ltr\">\r\n                        Di\u00e2metro Interno\r\n                    <\/td>\r\n                    <td class=\"s0\" colspan=\"2\" dir=\"ltr\">\r\n                        Di\u00e2metro Externo\r\n                    <\/td>\r\n                    <td class=\"s0\" colspan=\"2\" dir=\"ltr\">\r\n                        Espessura\r\n                    <\/td>\r\n                    <td class=\"s0\" rowspan=\"2\" dir=\"ltr\">\r\n                        Para uso em<br>\r\n                        Parafusos\r\n                    <\/td>\r\n                <\/tr>\r\n                <tr style=\"height:32px;\">\r\n                    <td class=\"s2\" dir=\"ltr\">\r\n                        d1\r\n                    <\/td>\r\n                    <td class=\"s2\" dir=\"ltr\">\r\n                        toler.\r\n                    <\/td>\r\n                    <td class=\"s2\" dir=\"ltr\">\r\n                        d2\r\n                    <\/td>\r\n                    <td class=\"s2\" dir=\"ltr\">\r\n                        toler.\r\n                    <\/td>\r\n                    <td class=\"s2\" dir=\"ltr\">\r\n                        s\r\n                    <\/td>\r\n                    <td class=\"s2\" dir=\"ltr\">\r\n                        toler.\r\n                    <\/td>\r\n                <\/tr>\r\n                <tr style=\"height:33px;\">\r\n                    <td class=\"s1\" dir=\"ltr\">\r\n                        3,200\r\n                    <\/td>\r\n                    <td class=\"s1\" rowspan=\"3\" dir=\"ltr\">\r\n                        +0,18<br>\r\n                        0\r\n                    <\/td>\r\n                    <td class=\"s1\" dir=\"ltr\">\r\n                        7,000\r\n                    <\/td>\r\n                    <td class=\"s1\" rowspan=\"3\" dir=\"ltr\">\r\n                        0<br>\r\n                        -0,36\r\n                    <\/td>\r\n                    <td class=\"s1\" dir=\"ltr\">\r\n                        0,500\r\n                    <\/td>\r\n                    <td class=\"s1\" dir=\"ltr\">\r\n                        +-0,05\r\n                    <\/td>\r\n                    <td class=\"s1\" dir=\"ltr\">\r\n                        M-3\r\n                    <\/td>\r\n                <\/tr>\r\n                <tr style=\"height:20px;\">\r\n                    <td class=\"s1\" dir=\"ltr\">\r\n                        4,300\r\n                    <\/td>\r\n                    <td class=\"s1\" dir=\"ltr\">\r\n                        9,000\r\n                    <\/td>\r\n                    <td class=\"s1\" dir=\"ltr\">\r\n                        0,800\r\n                    <\/td>\r\n                    <td class=\"s1\" rowspan=\"2\" dir=\"ltr\">\r\n                        +-0,1\r\n                    <\/td>\r\n                    <td class=\"s1\" dir=\"ltr\">\r\n                        M-4\r\n                    <\/td>\r\n                <\/tr>\r\n                <tr style=\"height:21px;\">\r\n                    <td class=\"s1\" dir=\"ltr\">\r\n                        5,300\r\n                    <\/td>\r\n                    <td class=\"s1\" dir=\"ltr\">\r\n                        10,000\r\n                    <\/td>\r\n                    <td class=\"s1\" dir=\"ltr\">\r\n                        1,000\r\n                    <\/td>\r\n                    <td class=\"s1\" dir=\"ltr\">\r\n                        M-5\r\n                    <\/td>\r\n                <\/tr>\r\n                <tr style=\"height:22px;\">\r\n                    <td class=\"s1\" dir=\"ltr\">\r\n                        6,400\r\n                    <\/td>\r\n                    <td class=\"s1\" rowspan=\"3\" dir=\"ltr\">\r\n                        +0,22<br>\r\n                        0\r\n                    <\/td>\r\n                    <td class=\"s1\" dir=\"ltr\">\r\n                        12,500\r\n                    <\/td>\r\n                    <td class=\"s1\" rowspan=\"3\" dir=\"ltr\">\r\n                        0<br>\r\n                        -0,43\r\n                    <\/td>\r\n                    <td class=\"s1\" dir=\"ltr\">\r\n                        1,600\r\n                    <\/td>\r\n                    <td class=\"s1\" rowspan=\"6\" dir=\"ltr\">\r\n                        +-0,2\r\n                    <\/td>\r\n                    <td class=\"s1\" dir=\"ltr\">\r\n                        M-6\r\n                    <\/td>\r\n                <\/tr>\r\n                <tr style=\"height:27px;\">\r\n                    <td class=\"s1\" dir=\"ltr\">\r\n                        7,400\r\n                    <\/td>\r\n                    <td class=\"s1\" dir=\"ltr\">\r\n                        14,000\r\n                    <\/td>\r\n                    <td class=\"s1\" dir=\"ltr\">\r\n                        1,600\r\n                    <\/td>\r\n                    <td class=\"s1\" dir=\"ltr\">\r\n                        M-7\r\n                    <\/td>\r\n                <\/tr>\r\n                <tr style=\"height:20px;\">\r\n                    <td class=\"s1\" dir=\"ltr\">\r\n                        8,400\r\n                    <\/td>\r\n                    <td class=\"s1\" dir=\"ltr\">\r\n                        17,000\r\n                    <\/td>\r\n                    <td class=\"s1\" dir=\"ltr\">\r\n                        1,600\r\n                    <\/td>\r\n                    <td class=\"s1\" dir=\"ltr\">\r\n                        M-8\r\n                    <\/td>\r\n                <\/tr>\r\n                <tr style=\"height:20px;\">\r\n                    <td class=\"s1\" dir=\"ltr\">\r\n                        10,500\r\n                    <\/td>\r\n                    <td class=\"s1\" rowspan=\"4\" dir=\"ltr\">\r\n                        +0,27<br>\r\n                        0\r\n                    <\/td>\r\n                    <td class=\"s1\" dir=\"ltr\">\r\n                        21,000\r\n                    <\/td>\r\n                    <td class=\"s1\" rowspan=\"4\" dir=\"ltr\">\r\n                        0<br>\r\n                        -0,52\r\n                    <\/td>\r\n                    <td class=\"s1\" dir=\"ltr\">\r\n                        2,000\r\n                    <\/td>\r\n                    <td class=\"s1\" dir=\"ltr\">\r\n                        M-10\r\n                    <\/td>\r\n                <\/tr>\r\n                <tr style=\"height:20px;\">\r\n                    <td class=\"s1\" dir=\"ltr\">\r\n                        13,000\r\n                    <\/td>\r\n                    <td class=\"s1\" dir=\"ltr\">\r\n                        24,000\r\n                    <\/td>\r\n                    <td class=\"s1\" dir=\"ltr\">\r\n                        2,500\r\n                    <\/td>\r\n                    <td class=\"s1\" dir=\"ltr\">\r\n                        M-12\r\n                    <\/td>\r\n                <\/tr>\r\n                <tr style=\"height:20px;\">\r\n                    <td class=\"s1\" dir=\"ltr\">\r\n                        15,000\r\n                    <\/td>\r\n                    <td class=\"s1\" dir=\"ltr\">\r\n                        28,000\r\n                    <\/td>\r\n                    <td class=\"s1\" dir=\"ltr\">\r\n                        2,500\r\n                    <\/td>\r\n                    <td class=\"s1\" dir=\"ltr\">\r\n                        M-14\r\n                    <\/td>\r\n                <\/tr>\r\n                <tr style=\"height:20px;\">\r\n                    <td class=\"s1\" dir=\"ltr\">\r\n                        17,000\r\n                    <\/td>\r\n                    <td class=\"s1\" dir=\"ltr\">\r\n                        30,000\r\n                    <\/td>\r\n                    <td class=\"s1\" dir=\"ltr\">\r\n                        3,000\r\n                    <\/td>\r\n                    <td class=\"s1\" rowspan=\"7\" dir=\"ltr\">\r\n                        +-0,3\r\n                    <\/td>\r\n                    <td class=\"s1\" dir=\"ltr\">\r\n                        M-16\r\n                    <\/td>\r\n                <\/tr>\r\n                <tr style=\"height:20px;\">\r\n                    <td class=\"s1\" dir=\"ltr\">\r\n                        19,000\r\n                    <\/td>\r\n                    <td class=\"s1\" rowspan=\"5\" dir=\"ltr\">\r\n                        +0,30<br>\r\n                        0\r\n                    <\/td>\r\n                    <td class=\"s1\" dir=\"ltr\">\r\n                        34,000\r\n                    <\/td>\r\n                    <td class=\"s1\" rowspan=\"5\" dir=\"ltr\">\r\n                        0<br>\r\n                        -0,62\r\n                    <\/td>\r\n                    <td class=\"s1\" dir=\"ltr\">\r\n                        3,000\r\n                    <\/td>\r\n                    <td class=\"s1\" dir=\"ltr\">\r\n                        M-18\r\n                    <\/td>\r\n                <\/tr>\r\n                <tr style=\"height:20px;\">\r\n                    <td class=\"s1\" dir=\"ltr\">\r\n                        21,000\r\n                    <\/td>\r\n                    <td class=\"s1\" dir=\"ltr\">\r\n                        37,000\r\n                    <\/td>\r\n                    <td class=\"s1\" dir=\"ltr\">\r\n                        3,000\r\n                    <\/td>\r\n                    <td class=\"s1\" dir=\"ltr\">\r\n                        M-20\r\n                    <\/td>\r\n                <\/tr>\r\n                <tr style=\"height:20px;\">\r\n                    <td class=\"s1\" dir=\"ltr\">\r\n                        23,000\r\n                    <\/td>\r\n                    <td class=\"s1\" dir=\"ltr\">\r\n                        39,000\r\n                    <\/td>\r\n                    <td class=\"s1\" dir=\"ltr\">\r\n                        3,000\r\n                    <\/td>\r\n                    <td class=\"s1\" dir=\"ltr\">\r\n                        M-22\r\n                    <\/td>\r\n                <\/tr>\r\n                <tr style=\"height:20px;\">\r\n                    <td class=\"s1\" dir=\"ltr\">\r\n                        25,000\r\n                    <\/td>\r\n                    <td class=\"s1\" dir=\"ltr\">\r\n                        44,000\r\n                    <\/td>\r\n                    <td class=\"s1\" dir=\"ltr\">\r\n                        4,000\r\n                    <\/td>\r\n                    <td class=\"s1\" dir=\"ltr\">\r\n                        M-24\r\n                    <\/td>\r\n                <\/tr>\r\n                <tr style=\"height:20px;\">\r\n                    <td class=\"s1\" dir=\"ltr\">\r\n                        28,000\r\n                    <\/td>\r\n                    <td class=\"s1\" dir=\"ltr\">\r\n                        50,000\r\n                    <\/td>\r\n                    <td class=\"s1\" dir=\"ltr\">\r\n                        4,000\r\n                    <\/td>\r\n                    <td class=\"s1\" dir=\"ltr\">\r\n                        M-27\r\n                    <\/td>\r\n                <\/tr>\r\n                <tr style=\"height:20px;\">\r\n                    <td class=\"s1\" dir=\"ltr\">\r\n                        31,000\r\n                    <\/td>\r\n                    <td class=\"s1\" dir=\"ltr\">\r\n                        +0,39<br>\r\n                        0\r\n                    <\/td>\r\n                    <td class=\"s1\" dir=\"ltr\">\r\n                        56,000\r\n                    <\/td>\r\n                    <td class=\"s1\" dir=\"ltr\">\r\n                        0<br>\r\n                        -0,74\r\n                    <\/td>\r\n                    <td class=\"s1\" dir=\"ltr\">\r\n                        4,000\r\n                    <\/td>\r\n                    <td class=\"s1\" dir=\"ltr\">\r\n                        M-30\r\n                    <\/td>\r\n                <\/tr>\r\n                <tr style=\"height:20px;\">\r\n                    <td class=\"s1\" dir=\"ltr\">\r\n                        34,000\r\n                    <\/td>\r\n                    <td class=\"s1\" rowspan=\"6\" dir=\"ltr\">\r\n                        +0,62<br>\r\n                        0\r\n                    <\/td>\r\n                    <td class=\"s1\" dir=\"ltr\">\r\n                        60,000\r\n                    <\/td>\r\n                    <td class=\"s1\" rowspan=\"4\" dir=\"ltr\">\r\n                        0<br>\r\n                        -1,20\r\n                    <\/td>\r\n                    <td class=\"s1\" dir=\"ltr\">\r\n                        5,000\r\n                    <\/td>\r\n                    <td class=\"s1\" rowspan=\"3\" dir=\"ltr\">\r\n                        +-0,6\r\n                    <\/td>\r\n                    <td class=\"s1\" dir=\"ltr\">\r\n                        M-33\r\n                    <\/td>\r\n                <\/tr>\r\n                <tr style=\"height:20px;\">\r\n                    <td class=\"s1\" dir=\"ltr\">\r\n                        37,000\r\n                    <\/td>\r\n                    <td class=\"s1\" dir=\"ltr\">\r\n                        66,000\r\n                    <\/td>\r\n                    <td class=\"s1\" dir=\"ltr\">\r\n                        5,000\r\n                    <\/td>\r\n                    <td class=\"s1\" dir=\"ltr\">\r\n                        M-36\r\n                    <\/td>\r\n                <\/tr>\r\n                <tr style=\"height:20px;\">\r\n                    <td class=\"s1\" dir=\"ltr\">\r\n                        40,000\r\n                    <\/td>\r\n                    <td class=\"s1\" dir=\"ltr\">\r\n                        72,000\r\n                    <\/td>\r\n                    <td class=\"s1\" dir=\"ltr\">\r\n                        6,000\r\n                    <\/td>\r\n                    <td class=\"s1\" dir=\"ltr\">\r\n                        M-39\r\n                    <\/td>\r\n                <\/tr>\r\n                <tr style=\"height:20px;\">\r\n                    <td class=\"s1\" dir=\"ltr\">\r\n                        43,000\r\n                    <\/td>\r\n                    <td class=\"s1\" dir=\"ltr\">\r\n                        78,000\r\n                    <\/td>\r\n                    <td class=\"s1\" dir=\"ltr\">\r\n                        7,000\r\n                    <\/td>\r\n                    <td class=\"s1\" rowspan=\"5\" dir=\"ltr\">\r\n                        +-1\r\n                    <\/td>\r\n                    <td class=\"s1\" dir=\"ltr\">\r\n                        M-42\r\n                    <\/td>\r\n                <\/tr>\r\n                <tr style=\"height:20px;\">\r\n                    <td class=\"s1\" dir=\"ltr\">\r\n                        46,000\r\n                    <\/td>\r\n                    <td class=\"s1\" dir=\"ltr\">\r\n                        85,000\r\n                    <\/td>\r\n                    <td class=\"s1\" rowspan=\"4\" dir=\"ltr\">\r\n                        0<br>\r\n                        -1,40\r\n                    <\/td>\r\n                    <td class=\"s1\" dir=\"ltr\">\r\n                        7,000\r\n                    <\/td>\r\n                    <td class=\"s1\" dir=\"ltr\">\r\n                        M-45\r\n                    <\/td>\r\n                <\/tr>\r\n                <tr style=\"height:20px;\">\r\n                    <td class=\"s1\" dir=\"ltr\">\r\n                        50,000\r\n                    <\/td>\r\n                    <td class=\"s1\" dir=\"ltr\">\r\n                        92,000\r\n                    <\/td>\r\n                    <td class=\"s1\" dir=\"ltr\">\r\n                        8,000\r\n                    <\/td>\r\n                    <td class=\"s1\" dir=\"ltr\">\r\n                        M-48\r\n                    <\/td>\r\n                <\/tr>\r\n                <tr style=\"height:20px;\">\r\n                    <td class=\"s1\" dir=\"ltr\">\r\n                        54,000\r\n                    <\/td>\r\n                    <td class=\"s1\" rowspan=\"2\" dir=\"ltr\">\r\n                        +0,74<br>\r\n                        0\r\n                    <\/td>\r\n                    <td class=\"s1\" dir=\"ltr\">\r\n                        98,000\r\n                    <\/td>\r\n                    <td class=\"s1\" dir=\"ltr\">\r\n                        8,000\r\n                    <\/td>\r\n                    <td class=\"s1\" dir=\"ltr\">\r\n                        M-52\r\n                    <\/td>\r\n                <\/tr>\r\n                <tr style=\"height:20px;\">\r\n                    <td class=\"s1\" dir=\"ltr\">\r\n                        58,000\r\n                    <\/td>\r\n                    <td class=\"s1\" dir=\"ltr\">\r\n                        105,000\r\n                    <\/td>\r\n                    <td class=\"s1\" dir=\"ltr\">\r\n                        9,000\r\n                    <\/td>\r\n                    <td class=\"s1\" dir=\"ltr\">\r\n                        M-56\r\n                    <\/td>\r\n                <\/tr>\r\n            <\/tbody>\r\n        <\/table>\r\n    <\/figure>\r\n<\/div>\r\n\r\n\r\n<!-- Aqui vem as linhas de dados -->\r\n      <!-- ... -->\r\n   <\/table>\r\n<\/div>\r\n\t\t\t\t<\/div>\n\t\t\t\t<\/div>\n\t\t\t\t<\/div>\n\t\t\t\t\t<\/div>\n\t\t\t\t<\/div>\n\t\t<div class=\"elementor-element elementor-element-73ea557d e-flex e-con-boxed e-con e-parent\" data-id=\"73ea557d\" data-element_type=\"container\">\n\t\t\t\t\t<div class=\"e-con-inner\">\n\t\t\t\t<div class=\"elementor-element elementor-element-767e6c1e elementor-widget elementor-widget-heading\" data-id=\"767e6c1e\" data-element_type=\"widget\" data-widget_type=\"heading.default\">\n\t\t\t\t<div class=\"elementor-widget-container\">\n\t\t\t\t\t<h2 class=\"elementor-heading-title elementor-size-default\">OBS: Toler\u00e2ncia conforme DIN 522 - 08.80 para produtos grau A.<\/h2>\t\t\t\t<\/div>\n\t\t\t\t<\/div>\n\t\t\t\t\t<\/div>\n\t\t\t\t<\/div>\n\t\t\t\t<\/div>\n\t\t","protected":false},"excerpt":{"rendered":"<p>Arruela Lisa &#8211; S\u00e9rie M\u00e9trica REFER\u00caNCIA DIN 125 &#8211; 03.90 Veja outros modelos Veja outros Produtos Di\u00e2metro Interno Di\u00e2metro Externo Espessura Para uso em Parafusos d1 toler. d2 toler. s toler. 3,200 +0,18 0 7,000 0 -0,36 0,500 +-0,05 M-3 4,300 9,000 0,800 +-0,1 M-4 5,300 10,000 1,000 M-5 6,400 +0,22 0 12,500 0 -0,43 [&hellip;]<\/p>\n","protected":false},"author":1,"featured_media":0,"parent":0,"menu_order":0,"comment_status":"closed","ping_status":"closed","template":"","meta":{"footnotes":""},"class_list":["post-644","page","type-page","status-publish","hentry"],"_links":{"self":[{"href":"https:\/\/msmindustria.com.br\/index.php\/wp-json\/wp\/v2\/pages\/644","targetHints":{"allow":["GET"]}}],"collection":[{"href":"https:\/\/msmindustria.com.br\/index.php\/wp-json\/wp\/v2\/pages"}],"about":[{"href":"https:\/\/msmindustria.com.br\/index.php\/wp-json\/wp\/v2\/types\/page"}],"author":[{"embeddable":true,"href":"https:\/\/msmindustria.com.br\/index.php\/wp-json\/wp\/v2\/users\/1"}],"replies":[{"embeddable":true,"href":"https:\/\/msmindustria.com.br\/index.php\/wp-json\/wp\/v2\/comments?post=644"}],"version-history":[{"count":13,"href":"https:\/\/msmindustria.com.br\/index.php\/wp-json\/wp\/v2\/pages\/644\/revisions"}],"predecessor-version":[{"id":1236,"href":"https:\/\/msmindustria.com.br\/index.php\/wp-json\/wp\/v2\/pages\/644\/revisions\/1236"}],"wp:attachment":[{"href":"https:\/\/msmindustria.com.br\/index.php\/wp-json\/wp\/v2\/media?parent=644"}],"curies":[{"name":"wp","href":"https:\/\/api.w.org\/{rel}","templated":true}]}}