{"id":705,"date":"2025-07-15T14:07:51","date_gmt":"2025-07-15T14:07:51","guid":{"rendered":"https:\/\/msmindustria.com.br\/wordpress\/?page_id=705"},"modified":"2025-08-20T12:33:50","modified_gmt":"2025-08-20T12:33:50","slug":"porcas-2","status":"publish","type":"page","link":"https:\/\/msmindustria.com.br\/index.php\/porcas-2\/","title":{"rendered":"Porcas"},"content":{"rendered":"\t\t<div data-elementor-type=\"wp-page\" data-elementor-id=\"705\" class=\"elementor elementor-705\">\n\t\t\t\t<div class=\"elementor-element elementor-element-34e3a93c e-flex e-con-boxed e-con e-parent\" data-id=\"34e3a93c\" data-element_type=\"container\" data-settings=\"{&quot;background_background&quot;:&quot;slideshow&quot;,&quot;background_slideshow_gallery&quot;:[{&quot;id&quot;:767,&quot;url&quot;:&quot;https:\\\/\\\/msmindustria.com.br\\\/wp-content\\\/uploads\\\/2025\\\/07\\\/porcas_1.webp&quot;}],&quot;background_slideshow_loop&quot;:&quot;yes&quot;,&quot;background_slideshow_slide_duration&quot;:5000,&quot;background_slideshow_slide_transition&quot;:&quot;fade&quot;,&quot;background_slideshow_transition_duration&quot;:500}\">\n\t\t\t\t\t<div class=\"e-con-inner\">\n\t\t<div class=\"elementor-element elementor-element-6144440c e-con-full e-flex e-con e-child\" data-id=\"6144440c\" data-element_type=\"container\">\n\t\t\t\t<div class=\"elementor-element elementor-element-657e2e59 elementor-widget elementor-widget-spacer\" data-id=\"657e2e59\" data-element_type=\"widget\" data-widget_type=\"spacer.default\">\n\t\t\t\t<div class=\"elementor-widget-container\">\n\t\t\t\t\t\t\t<div class=\"elementor-spacer\">\n\t\t\t<div class=\"elementor-spacer-inner\"><\/div>\n\t\t<\/div>\n\t\t\t\t\t\t<\/div>\n\t\t\t\t<\/div>\n\t\t\t\t<div class=\"elementor-element elementor-element-2fc90237 elementor-widget elementor-widget-heading\" data-id=\"2fc90237\" data-element_type=\"widget\" data-widget_type=\"heading.default\">\n\t\t\t\t<div class=\"elementor-widget-container\">\n\t\t\t\t\t<h2 class=\"elementor-heading-title elementor-size-default\">PORCAS<\/h2>\t\t\t\t<\/div>\n\t\t\t\t<\/div>\n\t\t\t\t<div class=\"elementor-element elementor-element-68aece6f elementor-widget__width-initial elementor-widget elementor-widget-text-editor\" data-id=\"68aece6f\" data-element_type=\"widget\" data-widget_type=\"text-editor.default\">\n\t\t\t\t<div class=\"elementor-widget-container\">\n\t\t\t\t\t\t\t\t\t<p>Fabricamos porca e contra-porca sextavada, porca e contra-porca quadrada e porcas especias, em roscas s\u00e9rie m\u00e9trica e\/ou polegada, conforme amostra e\/ou norma, nos mais diversos materiais dispon\u00edveis no mercado.<\/p>\t\t\t\t\t\t\t\t<\/div>\n\t\t\t\t<\/div>\n\t\t\t\t<div class=\"elementor-element elementor-element-370aa4e elementor-widget elementor-widget-spacer\" data-id=\"370aa4e\" data-element_type=\"widget\" data-widget_type=\"spacer.default\">\n\t\t\t\t<div class=\"elementor-widget-container\">\n\t\t\t\t\t\t\t<div class=\"elementor-spacer\">\n\t\t\t<div class=\"elementor-spacer-inner\"><\/div>\n\t\t<\/div>\n\t\t\t\t\t\t<\/div>\n\t\t\t\t<\/div>\n\t\t\t\t<\/div>\n\t\t\t\t\t<\/div>\n\t\t\t\t<\/div>\n\t\t<div class=\"elementor-element elementor-element-152d99dc e-flex e-con-boxed e-con e-parent\" data-id=\"152d99dc\" data-element_type=\"container\">\n\t\t\t\t\t<div class=\"e-con-inner\">\n\t\t\t\t<div class=\"elementor-element elementor-element-7092d2d6 elementor-widget elementor-widget-heading\" data-id=\"7092d2d6\" data-element_type=\"widget\" data-widget_type=\"heading.default\">\n\t\t\t\t<div class=\"elementor-widget-container\">\n\t\t\t\t\t<h2 class=\"elementor-heading-title elementor-size-default\">MODELOS<\/h2>\t\t\t\t<\/div>\n\t\t\t\t<\/div>\n\t\t\t\t<div class=\"elementor-element elementor-element-afa2c44 elementor-align-left elementor-widget elementor-widget-button\" data-id=\"afa2c44\" data-element_type=\"widget\" data-widget_type=\"button.default\">\n\t\t\t\t<div class=\"elementor-widget-container\">\n\t\t\t\t\t\t\t\t\t<div class=\"elementor-button-wrapper\">\n\t\t\t\t\t<a class=\"elementor-button elementor-button-link elementor-size-sm\" href=\"https:\/\/msmindustria.com.br\/index.php\/porca-e-contra-porca-sextavada-normal-leve-regular\/\">\n\t\t\t\t\t\t<span class=\"elementor-button-content-wrapper\">\n\t\t\t\t\t\t<span class=\"elementor-button-icon\">\n\t\t\t\t<svg xmlns=\"http:\/\/www.w3.org\/2000\/svg\" id=\"Camada_2\" data-name=\"Camada 2\" viewBox=\"0 0 1797.53 1796.59\"><defs><style>      .cls-1 {        fill: #ff2f2f;      }    <\/style><\/defs><g id=\"Camada_1-2\" data-name=\"Camada 1\"><polygon class=\"cls-1\" points=\"86.72 0 83.15 344.35 1197.18 355.9 0 1553.08 243.5 1796.59 1447.18 592.91 1435.46 1723.08 1779.81 1726.65 1793.96 362.09 1797.53 17.74 86.72 0\"><\/polygon><\/g><\/svg>\t\t\t<\/span>\n\t\t\t\t\t\t\t\t\t<span class=\"elementor-button-text\">PORCA E CONTRA-PORCA SEXTAVADA: NORMAL \/ LEVE \/ REGULAR<\/span>\n\t\t\t\t\t<\/span>\n\t\t\t\t\t<\/a>\n\t\t\t\t<\/div>\n\t\t\t\t\t\t\t\t<\/div>\n\t\t\t\t<\/div>\n\t\t\t\t<div class=\"elementor-element elementor-element-41d1bf3 elementor-align-left elementor-widget elementor-widget-button\" data-id=\"41d1bf3\" data-element_type=\"widget\" data-widget_type=\"button.default\">\n\t\t\t\t<div class=\"elementor-widget-container\">\n\t\t\t\t\t\t\t\t\t<div class=\"elementor-button-wrapper\">\n\t\t\t\t\t<a class=\"elementor-button elementor-button-link elementor-size-sm\" href=\"https:\/\/msmindustria.com.br\/index.php\/rosca-serie-polegada-sistema-unificado-americano\/\">\n\t\t\t\t\t\t<span class=\"elementor-button-content-wrapper\">\n\t\t\t\t\t\t<span class=\"elementor-button-icon\">\n\t\t\t\t<svg xmlns=\"http:\/\/www.w3.org\/2000\/svg\" id=\"Camada_2\" data-name=\"Camada 2\" viewBox=\"0 0 1797.53 1796.59\"><defs><style>      .cls-1 {        fill: #ff2f2f;      }    <\/style><\/defs><g id=\"Camada_1-2\" data-name=\"Camada 1\"><polygon class=\"cls-1\" points=\"86.72 0 83.15 344.35 1197.18 355.9 0 1553.08 243.5 1796.59 1447.18 592.91 1435.46 1723.08 1779.81 1726.65 1793.96 362.09 1797.53 17.74 86.72 0\"><\/polygon><\/g><\/svg>\t\t\t<\/span>\n\t\t\t\t\t\t\t\t\t<span class=\"elementor-button-text\">ROSCA SERIE POLEGADA - SISTEMA UNIFICADO AMERICANO<\/span>\n\t\t\t\t\t<\/span>\n\t\t\t\t\t<\/a>\n\t\t\t\t<\/div>\n\t\t\t\t\t\t\t\t<\/div>\n\t\t\t\t<\/div>\n\t\t\t\t<div class=\"elementor-element elementor-element-2c8c046 elementor-align-left elementor-widget elementor-widget-button\" data-id=\"2c8c046\" data-element_type=\"widget\" data-widget_type=\"button.default\">\n\t\t\t\t<div class=\"elementor-widget-container\">\n\t\t\t\t\t\t\t\t\t<div class=\"elementor-button-wrapper\">\n\t\t\t\t\t<a class=\"elementor-button elementor-button-link elementor-size-sm\" href=\"https:\/\/msmindustria.com.br\/index.php\/areas-de-secao-de-tensao-parafusos-e-porcas\/\">\n\t\t\t\t\t\t<span class=\"elementor-button-content-wrapper\">\n\t\t\t\t\t\t<span class=\"elementor-button-icon\">\n\t\t\t\t<svg xmlns=\"http:\/\/www.w3.org\/2000\/svg\" id=\"Camada_2\" data-name=\"Camada 2\" viewBox=\"0 0 1797.53 1796.59\"><defs><style>      .cls-1 {        fill: #ff2f2f;      }    <\/style><\/defs><g id=\"Camada_1-2\" data-name=\"Camada 1\"><polygon class=\"cls-1\" points=\"86.72 0 83.15 344.35 1197.18 355.9 0 1553.08 243.5 1796.59 1447.18 592.91 1435.46 1723.08 1779.81 1726.65 1793.96 362.09 1797.53 17.74 86.72 0\"><\/polygon><\/g><\/svg>\t\t\t<\/span>\n\t\t\t\t\t\t\t\t\t<span class=\"elementor-button-text\">\u00c1REAS DE SE\u00c7\u00c3O DE TENS\u00c3O - PARAFUSOS E PORCAS<\/span>\n\t\t\t\t\t<\/span>\n\t\t\t\t\t<\/a>\n\t\t\t\t<\/div>\n\t\t\t\t\t\t\t\t<\/div>\n\t\t\t\t<\/div>\n\t\t\t\t<div class=\"elementor-element elementor-element-994dd75 elementor-align-left elementor-widget elementor-widget-button\" data-id=\"994dd75\" data-element_type=\"widget\" data-widget_type=\"button.default\">\n\t\t\t\t<div class=\"elementor-widget-container\">\n\t\t\t\t\t\t\t\t\t<div class=\"elementor-button-wrapper\">\n\t\t\t\t\t<a class=\"elementor-button elementor-button-link elementor-size-sm\" href=\"https:\/\/msmindustria.com.br\/index.php\/rosca-serie-metrica-sistemas-internacionais\/\">\n\t\t\t\t\t\t<span class=\"elementor-button-content-wrapper\">\n\t\t\t\t\t\t<span class=\"elementor-button-icon\">\n\t\t\t\t<svg xmlns=\"http:\/\/www.w3.org\/2000\/svg\" id=\"Camada_2\" data-name=\"Camada 2\" viewBox=\"0 0 1797.53 1796.59\"><defs><style>      .cls-1 {        fill: #ff2f2f;      }    <\/style><\/defs><g id=\"Camada_1-2\" data-name=\"Camada 1\"><polygon class=\"cls-1\" points=\"86.72 0 83.15 344.35 1197.18 355.9 0 1553.08 243.5 1796.59 1447.18 592.91 1435.46 1723.08 1779.81 1726.65 1793.96 362.09 1797.53 17.74 86.72 0\"><\/polygon><\/g><\/svg>\t\t\t<\/span>\n\t\t\t\t\t\t\t\t\t<span class=\"elementor-button-text\">ROSCA S\u00c9RIE M\u00c9TRICA - SISTEMAS INTERNACIONAL<\/span>\n\t\t\t\t\t<\/span>\n\t\t\t\t\t<\/a>\n\t\t\t\t<\/div>\n\t\t\t\t\t\t\t\t<\/div>\n\t\t\t\t<\/div>\n\t\t\t\t<div class=\"elementor-element elementor-element-c0f336c elementor-align-left elementor-widget elementor-widget-button\" data-id=\"c0f336c\" data-element_type=\"widget\" data-widget_type=\"button.default\">\n\t\t\t\t<div class=\"elementor-widget-container\">\n\t\t\t\t\t\t\t\t\t<div class=\"elementor-button-wrapper\">\n\t\t\t\t\t<a class=\"elementor-button elementor-button-link elementor-size-sm\" href=\"https:\/\/msmindustria.com.br\/index.php\/porcas-quadradas-normal-leve-regular\/\">\n\t\t\t\t\t\t<span class=\"elementor-button-content-wrapper\">\n\t\t\t\t\t\t<span class=\"elementor-button-icon\">\n\t\t\t\t<svg xmlns=\"http:\/\/www.w3.org\/2000\/svg\" id=\"Camada_2\" data-name=\"Camada 2\" viewBox=\"0 0 1797.53 1796.59\"><defs><style>      .cls-1 {        fill: #ff2f2f;      }    <\/style><\/defs><g id=\"Camada_1-2\" data-name=\"Camada 1\"><polygon class=\"cls-1\" points=\"86.72 0 83.15 344.35 1197.18 355.9 0 1553.08 243.5 1796.59 1447.18 592.91 1435.46 1723.08 1779.81 1726.65 1793.96 362.09 1797.53 17.74 86.72 0\"><\/polygon><\/g><\/svg>\t\t\t<\/span>\n\t\t\t\t\t\t\t\t\t<span class=\"elementor-button-text\">PORCAS QUADRADAS: NORMAL \/ LEVE \/ REGULAR<\/span>\n\t\t\t\t\t<\/span>\n\t\t\t\t\t<\/a>\n\t\t\t\t<\/div>\n\t\t\t\t\t\t\t\t<\/div>\n\t\t\t\t<\/div>\n\t\t\t\t<div class=\"elementor-element elementor-element-5500f95f elementor-align-left elementor-widget elementor-widget-button\" data-id=\"5500f95f\" data-element_type=\"widget\" data-widget_type=\"button.default\">\n\t\t\t\t<div class=\"elementor-widget-container\">\n\t\t\t\t\t\t\t\t\t<div class=\"elementor-button-wrapper\">\n\t\t\t\t\t<a class=\"elementor-button elementor-button-link elementor-size-sm\" href=\"https:\/\/msmindustria.com.br\/index.php\/porca-e-contra-porca-sextavada-pesada\/\">\n\t\t\t\t\t\t<span class=\"elementor-button-content-wrapper\">\n\t\t\t\t\t\t<span class=\"elementor-button-icon\">\n\t\t\t\t<svg xmlns=\"http:\/\/www.w3.org\/2000\/svg\" id=\"Camada_2\" data-name=\"Camada 2\" viewBox=\"0 0 1797.53 1796.59\"><defs><style>      .cls-1 {        fill: #ff2f2f;      }    <\/style><\/defs><g id=\"Camada_1-2\" data-name=\"Camada 1\"><polygon class=\"cls-1\" points=\"86.72 0 83.15 344.35 1197.18 355.9 0 1553.08 243.5 1796.59 1447.18 592.91 1435.46 1723.08 1779.81 1726.65 1793.96 362.09 1797.53 17.74 86.72 0\"><\/polygon><\/g><\/svg>\t\t\t<\/span>\n\t\t\t\t\t\t\t\t\t<span class=\"elementor-button-text\">PORCA E CONTRA-PORCA SEXTAVADA PESADA<\/span>\n\t\t\t\t\t<\/span>\n\t\t\t\t\t<\/a>\n\t\t\t\t<\/div>\n\t\t\t\t\t\t\t\t<\/div>\n\t\t\t\t<\/div>\n\t\t\t\t<div class=\"elementor-element elementor-element-38cb923 elementor-align-left elementor-widget elementor-widget-button\" data-id=\"38cb923\" data-element_type=\"widget\" data-widget_type=\"button.default\">\n\t\t\t\t<div class=\"elementor-widget-container\">\n\t\t\t\t\t\t\t\t\t<div class=\"elementor-button-wrapper\">\n\t\t\t\t\t<a class=\"elementor-button elementor-button-link elementor-size-sm\" href=\"https:\/\/msmindustria.com.br\/index.php\/porcas-sextavadas-serie-metrica\/\">\n\t\t\t\t\t\t<span class=\"elementor-button-content-wrapper\">\n\t\t\t\t\t\t<span class=\"elementor-button-icon\">\n\t\t\t\t<svg xmlns=\"http:\/\/www.w3.org\/2000\/svg\" id=\"Camada_2\" data-name=\"Camada 2\" viewBox=\"0 0 1797.53 1796.59\"><defs><style>      .cls-1 {        fill: #ff2f2f;      }    <\/style><\/defs><g id=\"Camada_1-2\" data-name=\"Camada 1\"><polygon class=\"cls-1\" points=\"86.72 0 83.15 344.35 1197.18 355.9 0 1553.08 243.5 1796.59 1447.18 592.91 1435.46 1723.08 1779.81 1726.65 1793.96 362.09 1797.53 17.74 86.72 0\"><\/polygon><\/g><\/svg>\t\t\t<\/span>\n\t\t\t\t\t\t\t\t\t<span class=\"elementor-button-text\">PORCAS SEXTAVADAS - S\u00c9RIE M\u00c9TRICA<\/span>\n\t\t\t\t\t<\/span>\n\t\t\t\t\t<\/a>\n\t\t\t\t<\/div>\n\t\t\t\t\t\t\t\t<\/div>\n\t\t\t\t<\/div>\n\t\t\t\t<div class=\"elementor-element elementor-element-1900c5ae elementor-widget elementor-widget-spacer\" data-id=\"1900c5ae\" data-element_type=\"widget\" data-widget_type=\"spacer.default\">\n\t\t\t\t<div class=\"elementor-widget-container\">\n\t\t\t\t\t\t\t<div class=\"elementor-spacer\">\n\t\t\t<div class=\"elementor-spacer-inner\"><\/div>\n\t\t<\/div>\n\t\t\t\t\t\t<\/div>\n\t\t\t\t<\/div>\n\t\t\t\t<div class=\"elementor-element elementor-element-3306028 elementor-align-left elementor-widget elementor-widget-button\" data-id=\"3306028\" data-element_type=\"widget\" data-widget_type=\"button.default\">\n\t\t\t\t<div class=\"elementor-widget-container\">\n\t\t\t\t\t\t\t\t\t<div class=\"elementor-button-wrapper\">\n\t\t\t\t\t<a class=\"elementor-button elementor-button-link elementor-size-sm\" href=\"https:\/\/msmindustria.com.br\/index.php\/propriedades-mecancias-normas-de-materiais-para-porcas\/\">\n\t\t\t\t\t\t<span class=\"elementor-button-content-wrapper\">\n\t\t\t\t\t\t<span class=\"elementor-button-icon\">\n\t\t\t\t<svg xmlns=\"http:\/\/www.w3.org\/2000\/svg\" id=\"Camada_2\" data-name=\"Camada 2\" viewBox=\"0 0 1797.53 1796.59\"><defs><style>      .cls-1 {        fill: #ff2f2f;      }    <\/style><\/defs><g id=\"Camada_1-2\" data-name=\"Camada 1\"><polygon class=\"cls-1\" points=\"86.72 0 83.15 344.35 1197.18 355.9 0 1553.08 243.5 1796.59 1447.18 592.91 1435.46 1723.08 1779.81 1726.65 1793.96 362.09 1797.53 17.74 86.72 0\"><\/polygon><\/g><\/svg>\t\t\t<\/span>\n\t\t\t\t\t\t\t\t\t<span class=\"elementor-button-text\">PROPRIEDADES MEC\u00c2NICAS - NORMAS DE MATERIAIS PARA PORCAS<\/span>\n\t\t\t\t\t<\/span>\n\t\t\t\t\t<\/a>\n\t\t\t\t<\/div>\n\t\t\t\t\t\t\t\t<\/div>\n\t\t\t\t<\/div>\n\t\t\t\t<div class=\"elementor-element elementor-element-e92b8f9 elementor-align-left elementor-widget elementor-widget-button\" data-id=\"e92b8f9\" data-element_type=\"widget\" data-widget_type=\"button.default\">\n\t\t\t\t<div class=\"elementor-widget-container\">\n\t\t\t\t\t\t\t\t\t<div class=\"elementor-button-wrapper\">\n\t\t\t\t\t<a class=\"elementor-button elementor-button-link elementor-size-sm\" href=\"https:\/\/msmindustria.com.br\/index.php\/tabela-de-conversao-de-durezas\/\">\n\t\t\t\t\t\t<span class=\"elementor-button-content-wrapper\">\n\t\t\t\t\t\t<span class=\"elementor-button-icon\">\n\t\t\t\t<svg xmlns=\"http:\/\/www.w3.org\/2000\/svg\" id=\"Camada_2\" data-name=\"Camada 2\" viewBox=\"0 0 1797.53 1796.59\"><defs><style>      .cls-1 {        fill: #ff2f2f;      }    <\/style><\/defs><g id=\"Camada_1-2\" data-name=\"Camada 1\"><polygon class=\"cls-1\" points=\"86.72 0 83.15 344.35 1197.18 355.9 0 1553.08 243.5 1796.59 1447.18 592.91 1435.46 1723.08 1779.81 1726.65 1793.96 362.09 1797.53 17.74 86.72 0\"><\/polygon><\/g><\/svg>\t\t\t<\/span>\n\t\t\t\t\t\t\t\t\t<span class=\"elementor-button-text\">TABELA DE CONVERS\u00c3O DE DUREZAS<\/span>\n\t\t\t\t\t<\/span>\n\t\t\t\t\t<\/a>\n\t\t\t\t<\/div>\n\t\t\t\t\t\t\t\t<\/div>\n\t\t\t\t<\/div>\n\t\t\t\t<div class=\"elementor-element elementor-element-4c548f71 elementor-align-left elementor-widget elementor-widget-button\" data-id=\"4c548f71\" data-element_type=\"widget\" data-widget_type=\"button.default\">\n\t\t\t\t<div class=\"elementor-widget-container\">\n\t\t\t\t\t\t\t\t\t<div class=\"elementor-button-wrapper\">\n\t\t\t\t\t<a class=\"elementor-button elementor-button-link elementor-size-sm\" href=\"https:\/\/msmindustria.com.br\/index.php\/tabela-de-ajustes-iso\/\">\n\t\t\t\t\t\t<span class=\"elementor-button-content-wrapper\">\n\t\t\t\t\t\t<span class=\"elementor-button-icon\">\n\t\t\t\t<svg xmlns=\"http:\/\/www.w3.org\/2000\/svg\" id=\"Camada_2\" data-name=\"Camada 2\" viewBox=\"0 0 1797.53 1796.59\"><defs><style>      .cls-1 {        fill: #ff2f2f;      }    <\/style><\/defs><g id=\"Camada_1-2\" data-name=\"Camada 1\"><polygon class=\"cls-1\" points=\"86.72 0 83.15 344.35 1197.18 355.9 0 1553.08 243.5 1796.59 1447.18 592.91 1435.46 1723.08 1779.81 1726.65 1793.96 362.09 1797.53 17.74 86.72 0\"><\/polygon><\/g><\/svg>\t\t\t<\/span>\n\t\t\t\t\t\t\t\t\t<span class=\"elementor-button-text\">TABELA DE AJUSTES - ISO<\/span>\n\t\t\t\t\t<\/span>\n\t\t\t\t\t<\/a>\n\t\t\t\t<\/div>\n\t\t\t\t\t\t\t\t<\/div>\n\t\t\t\t<\/div>\n\t\t\t\t\t<\/div>\n\t\t\t\t<\/div>\n\t\t<div class=\"elementor-element elementor-element-7e2bbc15 e-flex e-con-boxed e-con e-parent\" data-id=\"7e2bbc15\" data-element_type=\"container\">\n\t\t\t\t\t<div class=\"e-con-inner\">\n\t\t\t\t<div class=\"elementor-element elementor-element-79d02ffd elementor-widget elementor-widget-spacer\" data-id=\"79d02ffd\" data-element_type=\"widget\" data-widget_type=\"spacer.default\">\n\t\t\t\t<div class=\"elementor-widget-container\">\n\t\t\t\t\t\t\t<div class=\"elementor-spacer\">\n\t\t\t<div class=\"elementor-spacer-inner\"><\/div>\n\t\t<\/div>\n\t\t\t\t\t\t<\/div>\n\t\t\t\t<\/div>\n\t\t\t\t\t<\/div>\n\t\t\t\t<\/div>\n\t\t\t\t<\/div>\n\t\t","protected":false},"excerpt":{"rendered":"<p>PORCAS Fabricamos porca e contra-porca sextavada, porca e contra-porca quadrada e porcas especias, em roscas s\u00e9rie m\u00e9trica e\/ou polegada, conforme amostra e\/ou norma, nos mais diversos materiais dispon\u00edveis no mercado. MODELOS PORCA E CONTRA-PORCA SEXTAVADA: NORMAL \/ LEVE \/ REGULAR ROSCA SERIE POLEGADA &#8211; SISTEMA UNIFICADO AMERICANO \u00c1REAS DE SE\u00c7\u00c3O DE TENS\u00c3O &#8211; PARAFUSOS E [&hellip;]<\/p>\n","protected":false},"author":1,"featured_media":0,"parent":0,"menu_order":0,"comment_status":"closed","ping_status":"closed","template":"","meta":{"footnotes":""},"class_list":["post-705","page","type-page","status-publish","hentry"],"_links":{"self":[{"href":"https:\/\/msmindustria.com.br\/index.php\/wp-json\/wp\/v2\/pages\/705","targetHints":{"allow":["GET"]}}],"collection":[{"href":"https:\/\/msmindustria.com.br\/index.php\/wp-json\/wp\/v2\/pages"}],"about":[{"href":"https:\/\/msmindustria.com.br\/index.php\/wp-json\/wp\/v2\/types\/page"}],"author":[{"embeddable":true,"href":"https:\/\/msmindustria.com.br\/index.php\/wp-json\/wp\/v2\/users\/1"}],"replies":[{"embeddable":true,"href":"https:\/\/msmindustria.com.br\/index.php\/wp-json\/wp\/v2\/comments?post=705"}],"version-history":[{"count":16,"href":"https:\/\/msmindustria.com.br\/index.php\/wp-json\/wp\/v2\/pages\/705\/revisions"}],"predecessor-version":[{"id":1209,"href":"https:\/\/msmindustria.com.br\/index.php\/wp-json\/wp\/v2\/pages\/705\/revisions\/1209"}],"wp:attachment":[{"href":"https:\/\/msmindustria.com.br\/index.php\/wp-json\/wp\/v2\/media?parent=705"}],"curies":[{"name":"wp","href":"https:\/\/api.w.org\/{rel}","templated":true}]}}