{"id":710,"date":"2025-07-15T14:16:27","date_gmt":"2025-07-15T14:16:27","guid":{"rendered":"https:\/\/msmindustria.com.br\/wordpress\/?page_id=710"},"modified":"2025-08-20T12:10:00","modified_gmt":"2025-08-20T12:10:00","slug":"estojos-prisioneiros","status":"publish","type":"page","link":"https:\/\/msmindustria.com.br\/index.php\/estojos-prisioneiros\/","title":{"rendered":"Estojos\/Prisioneiros"},"content":{"rendered":"\t\t<div data-elementor-type=\"wp-page\" data-elementor-id=\"710\" class=\"elementor elementor-710\">\n\t\t\t\t<div class=\"elementor-element elementor-element-1b88b855 e-flex e-con-boxed e-con e-parent\" data-id=\"1b88b855\" data-element_type=\"container\" data-settings=\"{&quot;background_background&quot;:&quot;slideshow&quot;,&quot;background_slideshow_gallery&quot;:[{&quot;id&quot;:768,&quot;url&quot;:&quot;https:\\\/\\\/msmindustria.com.br\\\/wp-content\\\/uploads\\\/2025\\\/07\\\/estojos-_-prisioneiros_1.webp&quot;}],&quot;background_slideshow_loop&quot;:&quot;yes&quot;,&quot;background_slideshow_slide_duration&quot;:5000,&quot;background_slideshow_slide_transition&quot;:&quot;fade&quot;,&quot;background_slideshow_transition_duration&quot;:500}\">\n\t\t\t\t\t<div class=\"e-con-inner\">\n\t\t<div class=\"elementor-element elementor-element-31ca3862 e-con-full e-flex e-con e-child\" data-id=\"31ca3862\" data-element_type=\"container\">\n\t\t\t\t<div class=\"elementor-element elementor-element-354418ad elementor-widget elementor-widget-spacer\" data-id=\"354418ad\" data-element_type=\"widget\" data-widget_type=\"spacer.default\">\n\t\t\t\t<div class=\"elementor-widget-container\">\n\t\t\t\t\t\t\t<div class=\"elementor-spacer\">\n\t\t\t<div class=\"elementor-spacer-inner\"><\/div>\n\t\t<\/div>\n\t\t\t\t\t\t<\/div>\n\t\t\t\t<\/div>\n\t\t\t\t<div class=\"elementor-element elementor-element-7655f1a5 elementor-widget elementor-widget-heading\" data-id=\"7655f1a5\" data-element_type=\"widget\" data-widget_type=\"heading.default\">\n\t\t\t\t<div class=\"elementor-widget-container\">\n\t\t\t\t\t<h2 class=\"elementor-heading-title elementor-size-default\">Estojos\/Prisioneiros<\/h2>\t\t\t\t<\/div>\n\t\t\t\t<\/div>\n\t\t\t\t<div class=\"elementor-element elementor-element-79fe2fc1 elementor-widget__width-initial elementor-widget elementor-widget-text-editor\" data-id=\"79fe2fc1\" data-element_type=\"widget\" data-widget_type=\"text-editor.default\">\n\t\t\t\t<div class=\"elementor-widget-container\">\n\t\t\t\t\t\t\t\t\t<p>Fabricamos parafuso estojo, prisioneiro, tirante, barra roscada e pe\u00e7as especias, em roscas s\u00e9rie m\u00e9trica e\/ou polegada, conforme amostra e\/ou norma, nos mais diversos materiais dispon\u00edveis no mercado.<\/p>\t\t\t\t\t\t\t\t<\/div>\n\t\t\t\t<\/div>\n\t\t\t\t<div class=\"elementor-element elementor-element-68714e31 elementor-widget elementor-widget-spacer\" data-id=\"68714e31\" data-element_type=\"widget\" data-widget_type=\"spacer.default\">\n\t\t\t\t<div class=\"elementor-widget-container\">\n\t\t\t\t\t\t\t<div class=\"elementor-spacer\">\n\t\t\t<div class=\"elementor-spacer-inner\"><\/div>\n\t\t<\/div>\n\t\t\t\t\t\t<\/div>\n\t\t\t\t<\/div>\n\t\t\t\t<\/div>\n\t\t\t\t\t<\/div>\n\t\t\t\t<\/div>\n\t\t<div class=\"elementor-element elementor-element-6eb1ae4b e-flex e-con-boxed e-con e-parent\" data-id=\"6eb1ae4b\" data-element_type=\"container\">\n\t\t\t\t\t<div class=\"e-con-inner\">\n\t\t\t\t<div class=\"elementor-element elementor-element-4a699c4c elementor-widget elementor-widget-heading\" data-id=\"4a699c4c\" data-element_type=\"widget\" data-widget_type=\"heading.default\">\n\t\t\t\t<div class=\"elementor-widget-container\">\n\t\t\t\t\t<h2 class=\"elementor-heading-title elementor-size-default\">MODELOS<\/h2>\t\t\t\t<\/div>\n\t\t\t\t<\/div>\n\t\t\t\t<div class=\"elementor-element elementor-element-5fa22840 elementor-align-left elementor-widget elementor-widget-button\" data-id=\"5fa22840\" data-element_type=\"widget\" data-widget_type=\"button.default\">\n\t\t\t\t<div class=\"elementor-widget-container\">\n\t\t\t\t\t\t\t\t\t<div class=\"elementor-button-wrapper\">\n\t\t\t\t\t<a class=\"elementor-button elementor-button-link elementor-size-sm\" href=\"https:\/\/msmindustria.com.br\/index.php\/parafuso-estojo-prisioneiro-tirante-barra-rosqueada\/\">\n\t\t\t\t\t\t<span class=\"elementor-button-content-wrapper\">\n\t\t\t\t\t\t<span class=\"elementor-button-icon\">\n\t\t\t\t<svg xmlns=\"http:\/\/www.w3.org\/2000\/svg\" id=\"Camada_2\" data-name=\"Camada 2\" viewBox=\"0 0 1797.53 1796.59\"><defs><style>      .cls-1 {        fill: #ff2f2f;      }    <\/style><\/defs><g id=\"Camada_1-2\" data-name=\"Camada 1\"><polygon class=\"cls-1\" points=\"86.72 0 83.15 344.35 1197.18 355.9 0 1553.08 243.5 1796.59 1447.18 592.91 1435.46 1723.08 1779.81 1726.65 1793.96 362.09 1797.53 17.74 86.72 0\"><\/polygon><\/g><\/svg>\t\t\t<\/span>\n\t\t\t\t\t\t\t\t\t<span class=\"elementor-button-text\">PARAFUSO ESTOJO \/ PRISIONEIRO \/ TIRANTE \/ BARRA ROSQUEADA<\/span>\n\t\t\t\t\t<\/span>\n\t\t\t\t\t<\/a>\n\t\t\t\t<\/div>\n\t\t\t\t\t\t\t\t<\/div>\n\t\t\t\t<\/div>\n\t\t\t\t<div class=\"elementor-element elementor-element-9df6d56 elementor-align-left elementor-widget elementor-widget-button\" data-id=\"9df6d56\" data-element_type=\"widget\" data-widget_type=\"button.default\">\n\t\t\t\t<div class=\"elementor-widget-container\">\n\t\t\t\t\t\t\t\t\t<div class=\"elementor-button-wrapper\">\n\t\t\t\t\t<a class=\"elementor-button elementor-button-link elementor-size-sm\" href=\"https:\/\/msmindustria.com.br\/index.php\/prisioneiro-com-rosca-parcial-sistema-metrico\/\">\n\t\t\t\t\t\t<span class=\"elementor-button-content-wrapper\">\n\t\t\t\t\t\t<span class=\"elementor-button-icon\">\n\t\t\t\t<svg xmlns=\"http:\/\/www.w3.org\/2000\/svg\" id=\"Camada_2\" data-name=\"Camada 2\" viewBox=\"0 0 1797.53 1796.59\"><defs><style>      .cls-1 {        fill: #ff2f2f;      }    <\/style><\/defs><g id=\"Camada_1-2\" data-name=\"Camada 1\"><polygon class=\"cls-1\" points=\"86.72 0 83.15 344.35 1197.18 355.9 0 1553.08 243.5 1796.59 1447.18 592.91 1435.46 1723.08 1779.81 1726.65 1793.96 362.09 1797.53 17.74 86.72 0\"><\/polygon><\/g><\/svg>\t\t\t<\/span>\n\t\t\t\t\t\t\t\t\t<span class=\"elementor-button-text\">PRISIONEIRO COM ROSCA PARCIAL - S\u00c9RIE M\u00c9TRICA<\/span>\n\t\t\t\t\t<\/span>\n\t\t\t\t\t<\/a>\n\t\t\t\t<\/div>\n\t\t\t\t\t\t\t\t<\/div>\n\t\t\t\t<\/div>\n\t\t\t\t<div class=\"elementor-element elementor-element-7810321e elementor-widget elementor-widget-spacer\" data-id=\"7810321e\" data-element_type=\"widget\" data-widget_type=\"spacer.default\">\n\t\t\t\t<div class=\"elementor-widget-container\">\n\t\t\t\t\t\t\t<div class=\"elementor-spacer\">\n\t\t\t<div class=\"elementor-spacer-inner\"><\/div>\n\t\t<\/div>\n\t\t\t\t\t\t<\/div>\n\t\t\t\t<\/div>\n\t\t\t\t<div class=\"elementor-element elementor-element-14e9972 elementor-align-left elementor-widget elementor-widget-button\" data-id=\"14e9972\" data-element_type=\"widget\" data-widget_type=\"button.default\">\n\t\t\t\t<div class=\"elementor-widget-container\">\n\t\t\t\t\t\t\t\t\t<div class=\"elementor-button-wrapper\">\n\t\t\t\t\t<a class=\"elementor-button elementor-button-link elementor-size-sm\" href=\"https:\/\/msmindustria.com.br\/index.php\/rosca-serie-polegada-sistema-unificado-americano\/\">\n\t\t\t\t\t\t<span class=\"elementor-button-content-wrapper\">\n\t\t\t\t\t\t<span class=\"elementor-button-icon\">\n\t\t\t\t<svg xmlns=\"http:\/\/www.w3.org\/2000\/svg\" id=\"Camada_2\" data-name=\"Camada 2\" viewBox=\"0 0 1797.53 1796.59\"><defs><style>      .cls-1 {        fill: #ff2f2f;      }    <\/style><\/defs><g id=\"Camada_1-2\" data-name=\"Camada 1\"><polygon class=\"cls-1\" points=\"86.72 0 83.15 344.35 1197.18 355.9 0 1553.08 243.5 1796.59 1447.18 592.91 1435.46 1723.08 1779.81 1726.65 1793.96 362.09 1797.53 17.74 86.72 0\"><\/polygon><\/g><\/svg>\t\t\t<\/span>\n\t\t\t\t\t\t\t\t\t<span class=\"elementor-button-text\">ROSCA SERIE POLEGADA - SISTEMA UNIFICADO AMERICANO<\/span>\n\t\t\t\t\t<\/span>\n\t\t\t\t\t<\/a>\n\t\t\t\t<\/div>\n\t\t\t\t\t\t\t\t<\/div>\n\t\t\t\t<\/div>\n\t\t\t\t<div class=\"elementor-element elementor-element-832ae60 elementor-align-left elementor-widget elementor-widget-button\" data-id=\"832ae60\" data-element_type=\"widget\" data-widget_type=\"button.default\">\n\t\t\t\t<div class=\"elementor-widget-container\">\n\t\t\t\t\t\t\t\t\t<div class=\"elementor-button-wrapper\">\n\t\t\t\t\t<a class=\"elementor-button elementor-button-link elementor-size-sm\" href=\"https:\/\/msmindustria.com.br\/index.php\/rosca-serie-metrica-sistemas-internacionais\/\">\n\t\t\t\t\t\t<span class=\"elementor-button-content-wrapper\">\n\t\t\t\t\t\t<span class=\"elementor-button-icon\">\n\t\t\t\t<svg xmlns=\"http:\/\/www.w3.org\/2000\/svg\" id=\"Camada_2\" data-name=\"Camada 2\" viewBox=\"0 0 1797.53 1796.59\"><defs><style>      .cls-1 {        fill: #ff2f2f;      }    <\/style><\/defs><g id=\"Camada_1-2\" data-name=\"Camada 1\"><polygon class=\"cls-1\" points=\"86.72 0 83.15 344.35 1197.18 355.9 0 1553.08 243.5 1796.59 1447.18 592.91 1435.46 1723.08 1779.81 1726.65 1793.96 362.09 1797.53 17.74 86.72 0\"><\/polygon><\/g><\/svg>\t\t\t<\/span>\n\t\t\t\t\t\t\t\t\t<span class=\"elementor-button-text\">ROSCA S\u00c9RIE M\u00c9TRICA - SISTEMAS INTERNACIONAL<\/span>\n\t\t\t\t\t<\/span>\n\t\t\t\t\t<\/a>\n\t\t\t\t<\/div>\n\t\t\t\t\t\t\t\t<\/div>\n\t\t\t\t<\/div>\n\t\t\t\t<div class=\"elementor-element elementor-element-1c581bb2 elementor-align-left elementor-widget elementor-widget-button\" data-id=\"1c581bb2\" data-element_type=\"widget\" data-widget_type=\"button.default\">\n\t\t\t\t<div class=\"elementor-widget-container\">\n\t\t\t\t\t\t\t\t\t<div class=\"elementor-button-wrapper\">\n\t\t\t\t\t<a class=\"elementor-button elementor-button-link elementor-size-sm\" href=\"https:\/\/msmindustria.com.br\/index.php\/tabela-de-conversao-de-durezas\/\">\n\t\t\t\t\t\t<span class=\"elementor-button-content-wrapper\">\n\t\t\t\t\t\t<span class=\"elementor-button-icon\">\n\t\t\t\t<svg xmlns=\"http:\/\/www.w3.org\/2000\/svg\" id=\"Camada_2\" data-name=\"Camada 2\" viewBox=\"0 0 1797.53 1796.59\"><defs><style>      .cls-1 {        fill: #ff2f2f;      }    <\/style><\/defs><g id=\"Camada_1-2\" data-name=\"Camada 1\"><polygon class=\"cls-1\" points=\"86.72 0 83.15 344.35 1197.18 355.9 0 1553.08 243.5 1796.59 1447.18 592.91 1435.46 1723.08 1779.81 1726.65 1793.96 362.09 1797.53 17.74 86.72 0\"><\/polygon><\/g><\/svg>\t\t\t<\/span>\n\t\t\t\t\t\t\t\t\t<span class=\"elementor-button-text\">TABELA DE CONVERS\u00c3O DE DUREZAS<\/span>\n\t\t\t\t\t<\/span>\n\t\t\t\t\t<\/a>\n\t\t\t\t<\/div>\n\t\t\t\t\t\t\t\t<\/div>\n\t\t\t\t<\/div>\n\t\t\t\t<div class=\"elementor-element elementor-element-5fb55ac1 elementor-align-left elementor-widget elementor-widget-button\" data-id=\"5fb55ac1\" data-element_type=\"widget\" data-widget_type=\"button.default\">\n\t\t\t\t<div class=\"elementor-widget-container\">\n\t\t\t\t\t\t\t\t\t<div class=\"elementor-button-wrapper\">\n\t\t\t\t\t<a class=\"elementor-button elementor-button-link elementor-size-sm\" href=\"https:\/\/msmindustria.com.br\/index.php\/tabela-de-ajustes-iso\/\">\n\t\t\t\t\t\t<span class=\"elementor-button-content-wrapper\">\n\t\t\t\t\t\t<span class=\"elementor-button-icon\">\n\t\t\t\t<svg xmlns=\"http:\/\/www.w3.org\/2000\/svg\" id=\"Camada_2\" data-name=\"Camada 2\" viewBox=\"0 0 1797.53 1796.59\"><defs><style>      .cls-1 {        fill: #ff2f2f;      }    <\/style><\/defs><g id=\"Camada_1-2\" data-name=\"Camada 1\"><polygon class=\"cls-1\" points=\"86.72 0 83.15 344.35 1197.18 355.9 0 1553.08 243.5 1796.59 1447.18 592.91 1435.46 1723.08 1779.81 1726.65 1793.96 362.09 1797.53 17.74 86.72 0\"><\/polygon><\/g><\/svg>\t\t\t<\/span>\n\t\t\t\t\t\t\t\t\t<span class=\"elementor-button-text\">TABELA DE AJUSTES - ISO<\/span>\n\t\t\t\t\t<\/span>\n\t\t\t\t\t<\/a>\n\t\t\t\t<\/div>\n\t\t\t\t\t\t\t\t<\/div>\n\t\t\t\t<\/div>\n\t\t\t\t\t<\/div>\n\t\t\t\t<\/div>\n\t\t<div class=\"elementor-element elementor-element-59619d4c e-flex e-con-boxed e-con e-parent\" data-id=\"59619d4c\" data-element_type=\"container\">\n\t\t\t\t\t<div class=\"e-con-inner\">\n\t\t\t\t<div class=\"elementor-element elementor-element-7b95716 elementor-widget elementor-widget-spacer\" data-id=\"7b95716\" data-element_type=\"widget\" data-widget_type=\"spacer.default\">\n\t\t\t\t<div class=\"elementor-widget-container\">\n\t\t\t\t\t\t\t<div class=\"elementor-spacer\">\n\t\t\t<div class=\"elementor-spacer-inner\"><\/div>\n\t\t<\/div>\n\t\t\t\t\t\t<\/div>\n\t\t\t\t<\/div>\n\t\t\t\t\t<\/div>\n\t\t\t\t<\/div>\n\t\t\t\t<\/div>\n\t\t","protected":false},"excerpt":{"rendered":"<p>Estojos\/Prisioneiros Fabricamos parafuso estojo, prisioneiro, tirante, barra roscada e pe\u00e7as especias, em roscas s\u00e9rie m\u00e9trica e\/ou polegada, conforme amostra e\/ou norma, nos mais diversos materiais dispon\u00edveis no mercado. MODELOS PARAFUSO ESTOJO \/ PRISIONEIRO \/ TIRANTE \/ BARRA ROSQUEADA PRISIONEIRO COM ROSCA PARCIAL &#8211; S\u00c9RIE M\u00c9TRICA ROSCA SERIE POLEGADA &#8211; SISTEMA UNIFICADO AMERICANO ROSCA S\u00c9RIE M\u00c9TRICA [&hellip;]<\/p>\n","protected":false},"author":1,"featured_media":0,"parent":0,"menu_order":0,"comment_status":"closed","ping_status":"closed","template":"","meta":{"footnotes":""},"class_list":["post-710","page","type-page","status-publish","hentry"],"_links":{"self":[{"href":"https:\/\/msmindustria.com.br\/index.php\/wp-json\/wp\/v2\/pages\/710","targetHints":{"allow":["GET"]}}],"collection":[{"href":"https:\/\/msmindustria.com.br\/index.php\/wp-json\/wp\/v2\/pages"}],"about":[{"href":"https:\/\/msmindustria.com.br\/index.php\/wp-json\/wp\/v2\/types\/page"}],"author":[{"embeddable":true,"href":"https:\/\/msmindustria.com.br\/index.php\/wp-json\/wp\/v2\/users\/1"}],"replies":[{"embeddable":true,"href":"https:\/\/msmindustria.com.br\/index.php\/wp-json\/wp\/v2\/comments?post=710"}],"version-history":[{"count":13,"href":"https:\/\/msmindustria.com.br\/index.php\/wp-json\/wp\/v2\/pages\/710\/revisions"}],"predecessor-version":[{"id":1137,"href":"https:\/\/msmindustria.com.br\/index.php\/wp-json\/wp\/v2\/pages\/710\/revisions\/1137"}],"wp:attachment":[{"href":"https:\/\/msmindustria.com.br\/index.php\/wp-json\/wp\/v2\/media?parent=710"}],"curies":[{"name":"wp","href":"https:\/\/api.w.org\/{rel}","templated":true}]}}