{"id":715,"date":"2025-07-15T14:24:51","date_gmt":"2025-07-15T14:24:51","guid":{"rendered":"https:\/\/msmindustria.com.br\/wordpress\/?page_id=715"},"modified":"2025-08-20T12:39:08","modified_gmt":"2025-08-20T12:39:08","slug":"arruelas-2","status":"publish","type":"page","link":"https:\/\/msmindustria.com.br\/index.php\/arruelas-2\/","title":{"rendered":"Arruelas"},"content":{"rendered":"\t\t<div data-elementor-type=\"wp-page\" data-elementor-id=\"715\" class=\"elementor elementor-715\">\n\t\t\t\t<div class=\"elementor-element elementor-element-481bcdd0 e-flex e-con-boxed e-con e-parent\" data-id=\"481bcdd0\" data-element_type=\"container\" data-settings=\"{&quot;background_background&quot;:&quot;slideshow&quot;,&quot;background_slideshow_gallery&quot;:[{&quot;id&quot;:771,&quot;url&quot;:&quot;https:\\\/\\\/msmindustria.com.br\\\/wp-content\\\/uploads\\\/2025\\\/07\\\/arruelas.webp&quot;}],&quot;background_slideshow_loop&quot;:&quot;yes&quot;,&quot;background_slideshow_slide_duration&quot;:5000,&quot;background_slideshow_slide_transition&quot;:&quot;fade&quot;,&quot;background_slideshow_transition_duration&quot;:500}\">\n\t\t\t\t\t<div class=\"e-con-inner\">\n\t\t<div class=\"elementor-element elementor-element-1f48d2f9 e-con-full e-flex e-con e-child\" data-id=\"1f48d2f9\" data-element_type=\"container\">\n\t\t\t\t<div class=\"elementor-element elementor-element-35470522 elementor-widget elementor-widget-spacer\" data-id=\"35470522\" data-element_type=\"widget\" data-widget_type=\"spacer.default\">\n\t\t\t\t<div class=\"elementor-widget-container\">\n\t\t\t\t\t\t\t<div class=\"elementor-spacer\">\n\t\t\t<div class=\"elementor-spacer-inner\"><\/div>\n\t\t<\/div>\n\t\t\t\t\t\t<\/div>\n\t\t\t\t<\/div>\n\t\t\t\t<div class=\"elementor-element elementor-element-385a6574 elementor-widget elementor-widget-heading\" data-id=\"385a6574\" data-element_type=\"widget\" data-widget_type=\"heading.default\">\n\t\t\t\t<div class=\"elementor-widget-container\">\n\t\t\t\t\t<h2 class=\"elementor-heading-title elementor-size-default\">ARRUELAS<\/h2>\t\t\t\t<\/div>\n\t\t\t\t<\/div>\n\t\t\t\t<div class=\"elementor-element elementor-element-53eae983 elementor-widget__width-initial elementor-widget elementor-widget-text-editor\" data-id=\"53eae983\" data-element_type=\"widget\" data-widget_type=\"text-editor.default\">\n\t\t\t\t<div class=\"elementor-widget-container\">\n\t\t\t\t\t\t\t\t\t<p>Fabricamos arruela lisa e arruelas especias, nas s\u00e9ries m\u00e9tricas e\/ou polegadas, conforme amostra e\/ou norma, nos mais diversos materiais dispon\u00edveis no mercado.<\/p>\t\t\t\t\t\t\t\t<\/div>\n\t\t\t\t<\/div>\n\t\t\t\t<div class=\"elementor-element elementor-element-26da81d5 elementor-widget elementor-widget-spacer\" data-id=\"26da81d5\" data-element_type=\"widget\" data-widget_type=\"spacer.default\">\n\t\t\t\t<div class=\"elementor-widget-container\">\n\t\t\t\t\t\t\t<div class=\"elementor-spacer\">\n\t\t\t<div class=\"elementor-spacer-inner\"><\/div>\n\t\t<\/div>\n\t\t\t\t\t\t<\/div>\n\t\t\t\t<\/div>\n\t\t\t\t<\/div>\n\t\t\t\t\t<\/div>\n\t\t\t\t<\/div>\n\t\t<div class=\"elementor-element elementor-element-73ff2f2a e-flex e-con-boxed e-con e-parent\" data-id=\"73ff2f2a\" data-element_type=\"container\">\n\t\t\t\t\t<div class=\"e-con-inner\">\n\t\t\t\t<div class=\"elementor-element elementor-element-6af9e3cf elementor-widget elementor-widget-heading\" data-id=\"6af9e3cf\" data-element_type=\"widget\" data-widget_type=\"heading.default\">\n\t\t\t\t<div class=\"elementor-widget-container\">\n\t\t\t\t\t<h2 class=\"elementor-heading-title elementor-size-default\">MODELOS<\/h2>\t\t\t\t<\/div>\n\t\t\t\t<\/div>\n\t\t\t\t<div class=\"elementor-element elementor-element-1b0cf96e elementor-align-left elementor-widget elementor-widget-button\" data-id=\"1b0cf96e\" data-element_type=\"widget\" data-widget_type=\"button.default\">\n\t\t\t\t<div class=\"elementor-widget-container\">\n\t\t\t\t\t\t\t\t\t<div class=\"elementor-button-wrapper\">\n\t\t\t\t\t<a class=\"elementor-button elementor-button-link elementor-size-sm\" href=\"https:\/\/msmindustria.com.br\/index.php\/arruela-lisa-serie-polegada\/\">\n\t\t\t\t\t\t<span class=\"elementor-button-content-wrapper\">\n\t\t\t\t\t\t<span class=\"elementor-button-icon\">\n\t\t\t\t<svg xmlns=\"http:\/\/www.w3.org\/2000\/svg\" id=\"Camada_2\" data-name=\"Camada 2\" viewBox=\"0 0 1797.53 1796.59\"><defs><style>      .cls-1 {        fill: #ff2f2f;      }    <\/style><\/defs><g id=\"Camada_1-2\" data-name=\"Camada 1\"><polygon class=\"cls-1\" points=\"86.72 0 83.15 344.35 1197.18 355.9 0 1553.08 243.5 1796.59 1447.18 592.91 1435.46 1723.08 1779.81 1726.65 1793.96 362.09 1797.53 17.74 86.72 0\"><\/polygon><\/g><\/svg>\t\t\t<\/span>\n\t\t\t\t\t\t\t\t\t<span class=\"elementor-button-text\">ARRUELA LISA - S\u00c9RIE POLEGADA<\/span>\n\t\t\t\t\t<\/span>\n\t\t\t\t\t<\/a>\n\t\t\t\t<\/div>\n\t\t\t\t\t\t\t\t<\/div>\n\t\t\t\t<\/div>\n\t\t\t\t<div class=\"elementor-element elementor-element-e0bbaf3 elementor-align-left elementor-widget elementor-widget-button\" data-id=\"e0bbaf3\" data-element_type=\"widget\" data-widget_type=\"button.default\">\n\t\t\t\t<div class=\"elementor-widget-container\">\n\t\t\t\t\t\t\t\t\t<div class=\"elementor-button-wrapper\">\n\t\t\t\t\t<a class=\"elementor-button elementor-button-link elementor-size-sm\" href=\"https:\/\/msmindustria.com.br\/index.php\/arruela-lisa-serie-metrica\/\">\n\t\t\t\t\t\t<span class=\"elementor-button-content-wrapper\">\n\t\t\t\t\t\t<span class=\"elementor-button-icon\">\n\t\t\t\t<svg xmlns=\"http:\/\/www.w3.org\/2000\/svg\" id=\"Camada_2\" data-name=\"Camada 2\" viewBox=\"0 0 1797.53 1796.59\"><defs><style>      .cls-1 {        fill: #ff2f2f;      }    <\/style><\/defs><g id=\"Camada_1-2\" data-name=\"Camada 1\"><polygon class=\"cls-1\" points=\"86.72 0 83.15 344.35 1197.18 355.9 0 1553.08 243.5 1796.59 1447.18 592.91 1435.46 1723.08 1779.81 1726.65 1793.96 362.09 1797.53 17.74 86.72 0\"><\/polygon><\/g><\/svg>\t\t\t<\/span>\n\t\t\t\t\t\t\t\t\t<span class=\"elementor-button-text\">ARRUELA LISA - S\u00c9RIE M\u00c9TRICA<\/span>\n\t\t\t\t\t<\/span>\n\t\t\t\t\t<\/a>\n\t\t\t\t<\/div>\n\t\t\t\t\t\t\t\t<\/div>\n\t\t\t\t<\/div>\n\t\t\t\t<div class=\"elementor-element elementor-element-59b024e5 elementor-widget elementor-widget-spacer\" data-id=\"59b024e5\" data-element_type=\"widget\" data-widget_type=\"spacer.default\">\n\t\t\t\t<div class=\"elementor-widget-container\">\n\t\t\t\t\t\t\t<div class=\"elementor-spacer\">\n\t\t\t<div class=\"elementor-spacer-inner\"><\/div>\n\t\t<\/div>\n\t\t\t\t\t\t<\/div>\n\t\t\t\t<\/div>\n\t\t\t\t<div class=\"elementor-element elementor-element-33f4fe35 elementor-align-left elementor-widget elementor-widget-button\" data-id=\"33f4fe35\" data-element_type=\"widget\" data-widget_type=\"button.default\">\n\t\t\t\t<div class=\"elementor-widget-container\">\n\t\t\t\t\t\t\t\t\t<div class=\"elementor-button-wrapper\">\n\t\t\t\t\t<a class=\"elementor-button elementor-size-sm\" role=\"button\">\n\t\t\t\t\t\t<span class=\"elementor-button-content-wrapper\">\n\t\t\t\t\t\t<span class=\"elementor-button-icon\">\n\t\t\t\t<svg xmlns=\"http:\/\/www.w3.org\/2000\/svg\" id=\"Camada_2\" data-name=\"Camada 2\" viewBox=\"0 0 1797.53 1796.59\"><defs><style>      .cls-1 {        fill: #ff2f2f;      }    <\/style><\/defs><g id=\"Camada_1-2\" data-name=\"Camada 1\"><polygon class=\"cls-1\" points=\"86.72 0 83.15 344.35 1197.18 355.9 0 1553.08 243.5 1796.59 1447.18 592.91 1435.46 1723.08 1779.81 1726.65 1793.96 362.09 1797.53 17.74 86.72 0\"><\/polygon><\/g><\/svg>\t\t\t<\/span>\n\t\t\t\t\t\t\t\t\t<span class=\"elementor-button-text\">TABELA DE CONVERS\u00c3O DE DUREZAS<\/span>\n\t\t\t\t\t<\/span>\n\t\t\t\t\t<\/a>\n\t\t\t\t<\/div>\n\t\t\t\t\t\t\t\t<\/div>\n\t\t\t\t<\/div>\n\t\t\t\t<div class=\"elementor-element elementor-element-79219883 elementor-align-left elementor-widget elementor-widget-button\" data-id=\"79219883\" data-element_type=\"widget\" data-widget_type=\"button.default\">\n\t\t\t\t<div class=\"elementor-widget-container\">\n\t\t\t\t\t\t\t\t\t<div class=\"elementor-button-wrapper\">\n\t\t\t\t\t<a class=\"elementor-button elementor-size-sm\" role=\"button\">\n\t\t\t\t\t\t<span class=\"elementor-button-content-wrapper\">\n\t\t\t\t\t\t<span class=\"elementor-button-icon\">\n\t\t\t\t<svg xmlns=\"http:\/\/www.w3.org\/2000\/svg\" id=\"Camada_2\" data-name=\"Camada 2\" viewBox=\"0 0 1797.53 1796.59\"><defs><style>      .cls-1 {        fill: #ff2f2f;      }    <\/style><\/defs><g id=\"Camada_1-2\" data-name=\"Camada 1\"><polygon class=\"cls-1\" points=\"86.72 0 83.15 344.35 1197.18 355.9 0 1553.08 243.5 1796.59 1447.18 592.91 1435.46 1723.08 1779.81 1726.65 1793.96 362.09 1797.53 17.74 86.72 0\"><\/polygon><\/g><\/svg>\t\t\t<\/span>\n\t\t\t\t\t\t\t\t\t<span class=\"elementor-button-text\">TABELA DE AJUSTES - ISO<\/span>\n\t\t\t\t\t<\/span>\n\t\t\t\t\t<\/a>\n\t\t\t\t<\/div>\n\t\t\t\t\t\t\t\t<\/div>\n\t\t\t\t<\/div>\n\t\t\t\t\t<\/div>\n\t\t\t\t<\/div>\n\t\t<div class=\"elementor-element elementor-element-1a3f7cb7 e-flex e-con-boxed e-con e-parent\" data-id=\"1a3f7cb7\" data-element_type=\"container\">\n\t\t\t\t\t<div class=\"e-con-inner\">\n\t\t\t\t<div class=\"elementor-element elementor-element-16574949 elementor-widget elementor-widget-spacer\" data-id=\"16574949\" data-element_type=\"widget\" data-widget_type=\"spacer.default\">\n\t\t\t\t<div class=\"elementor-widget-container\">\n\t\t\t\t\t\t\t<div class=\"elementor-spacer\">\n\t\t\t<div class=\"elementor-spacer-inner\"><\/div>\n\t\t<\/div>\n\t\t\t\t\t\t<\/div>\n\t\t\t\t<\/div>\n\t\t\t\t\t<\/div>\n\t\t\t\t<\/div>\n\t\t\t\t<\/div>\n\t\t","protected":false},"excerpt":{"rendered":"<p>ARRUELAS Fabricamos arruela lisa e arruelas especias, nas s\u00e9ries m\u00e9tricas e\/ou polegadas, conforme amostra e\/ou norma, nos mais diversos materiais dispon\u00edveis no mercado. MODELOS ARRUELA LISA &#8211; S\u00c9RIE POLEGADA ARRUELA LISA &#8211; S\u00c9RIE M\u00c9TRICA TABELA DE CONVERS\u00c3O DE DUREZAS TABELA DE AJUSTES &#8211; ISO<\/p>\n","protected":false},"author":1,"featured_media":0,"parent":0,"menu_order":0,"comment_status":"closed","ping_status":"closed","template":"","meta":{"footnotes":""},"class_list":["post-715","page","type-page","status-publish","hentry"],"_links":{"self":[{"href":"https:\/\/msmindustria.com.br\/index.php\/wp-json\/wp\/v2\/pages\/715","targetHints":{"allow":["GET"]}}],"collection":[{"href":"https:\/\/msmindustria.com.br\/index.php\/wp-json\/wp\/v2\/pages"}],"about":[{"href":"https:\/\/msmindustria.com.br\/index.php\/wp-json\/wp\/v2\/types\/page"}],"author":[{"embeddable":true,"href":"https:\/\/msmindustria.com.br\/index.php\/wp-json\/wp\/v2\/users\/1"}],"replies":[{"embeddable":true,"href":"https:\/\/msmindustria.com.br\/index.php\/wp-json\/wp\/v2\/comments?post=715"}],"version-history":[{"count":16,"href":"https:\/\/msmindustria.com.br\/index.php\/wp-json\/wp\/v2\/pages\/715\/revisions"}],"predecessor-version":[{"id":1230,"href":"https:\/\/msmindustria.com.br\/index.php\/wp-json\/wp\/v2\/pages\/715\/revisions\/1230"}],"wp:attachment":[{"href":"https:\/\/msmindustria.com.br\/index.php\/wp-json\/wp\/v2\/media?parent=715"}],"curies":[{"name":"wp","href":"https:\/\/api.w.org\/{rel}","templated":true}]}}